{"id":911,"date":"2018-08-21T14:06:03","date_gmt":"2018-08-21T14:06:03","guid":{"rendered":"http:\/\/casadacritica.com.br\/site\/?page_id=911"},"modified":"2020-02-14T02:47:19","modified_gmt":"2020-02-14T02:47:19","slug":"cadastre-se-para-receber-newsletter","status":"publish","type":"page","link":"https:\/\/casadacritica.com.br\/site\/cadastre-se-para-receber-newsletter\/","title":{"rendered":"Cadastre-se para receber as newsletter da Casa da Cr\u00edtica"},"content":{"rendered":"\t\t<div data-elementor-type=\"wp-page\" data-elementor-id=\"911\" class=\"elementor elementor-911\" data-elementor-post-type=\"page\">\n\t\t\t\t\t\t<section class=\"elementor-section elementor-top-section elementor-element elementor-element-3d5f3a0e elementor-section-boxed elementor-section-height-default elementor-section-height-default\" data-id=\"3d5f3a0e\" data-element_type=\"section\">\n\t\t\t\t\t\t<div class=\"elementor-container elementor-column-gap-default\">\n\t\t\t\t\t<div class=\"elementor-column elementor-col-100 elementor-top-column elementor-element elementor-element-30c21597\" data-id=\"30c21597\" data-element_type=\"column\">\n\t\t\t<div class=\"elementor-widget-wrap elementor-element-populated\">\n\t\t\t\t\t\t<div class=\"elementor-element elementor-element-392f7be1 elementor-widget elementor-widget-text-editor\" data-id=\"392f7be1\" data-element_type=\"widget\" data-widget_type=\"text-editor.default\">\n\t\t\t\t<div class=\"elementor-widget-container\">\n\t\t\t\t\t\t\t\t\t<p><img fetchpriority=\"high\" decoding=\"async\" class=\"alignnone wp-image-7750\" src=\"https:\/\/casadacritica.com.br\/site\/wp-content\/uploads\/2020\/02\/C\u00f3pia-de-C\u00f3pia-de-C\u00f3pia-de-C\u00f3pia-de-CADASTRE-SEU-INTERESSE-2.png\" alt=\"\" width=\"2000\" height=\"1111\" srcset=\"https:\/\/casadacritica.com.br\/site\/wp-content\/uploads\/2020\/02\/C\u00f3pia-de-C\u00f3pia-de-C\u00f3pia-de-C\u00f3pia-de-CADASTRE-SEU-INTERESSE-2.png 810w, https:\/\/casadacritica.com.br\/site\/wp-content\/uploads\/2020\/02\/C\u00f3pia-de-C\u00f3pia-de-C\u00f3pia-de-C\u00f3pia-de-CADASTRE-SEU-INTERESSE-2-300x167.png 300w, https:\/\/casadacritica.com.br\/site\/wp-content\/uploads\/2020\/02\/C\u00f3pia-de-C\u00f3pia-de-C\u00f3pia-de-C\u00f3pia-de-CADASTRE-SEU-INTERESSE-2-768x427.png 768w\" sizes=\"(max-width: 2000px) 100vw, 2000px\" \/><\/p><p><strong><span style=\"color: #000000;\">Receba em primeira m\u00e3o as newsletters e as novidades da Casa da Cr\u00edtica. <\/span><span style=\"color: #000000;\">\u00c9 f\u00e1cil e r\u00e1pido para se cadastrar.<\/span><\/strong><\/p><p><strong><span style=\"color: #000000;\">Todos os cadastrados concorrem ao sorteio de uma obra formativa por m\u00eas.<\/span><\/strong><\/p><p><strong><span style=\"color: #000000;\">Seja bem vindo!<\/span><\/strong><\/p>\n<div class=\"wpcf7 no-js\" id=\"wpcf7-f913-o1\" lang=\"pt-BR\" dir=\"ltr\" data-wpcf7-id=\"913\">\n<div class=\"screen-reader-response\"><p role=\"status\" aria-live=\"polite\" aria-atomic=\"true\"><\/p> <ul><\/ul><\/div>\n<form action=\"\/site\/wp-json\/wp\/v2\/pages\/911#wpcf7-f913-o1\" method=\"post\" class=\"wpcf7-form init\" aria-label=\"Formul\u00e1rios de contato\" novalidate=\"novalidate\" data-status=\"init\">\n<fieldset class=\"hidden-fields-container\"><input type=\"hidden\" name=\"_wpcf7\" value=\"913\" \/><input type=\"hidden\" name=\"_wpcf7_version\" value=\"6.1.3\" \/><input type=\"hidden\" name=\"_wpcf7_locale\" value=\"pt_BR\" \/><input type=\"hidden\" name=\"_wpcf7_unit_tag\" value=\"wpcf7-f913-o1\" \/><input type=\"hidden\" name=\"_wpcf7_container_post\" value=\"0\" \/><input type=\"hidden\" name=\"_wpcf7_posted_data_hash\" value=\"\" \/>\n<\/fieldset>\n<p><label> Nome:<br \/>\n<span class=\"wpcf7-form-control-wrap\" data-name=\"your-name\"><input size=\"40\" maxlength=\"400\" class=\"wpcf7-form-control wpcf7-text wpcf7-validates-as-required\" aria-required=\"true\" aria-invalid=\"false\" value=\"\" type=\"text\" name=\"your-name\" \/><\/span> <\/label>\n<\/p>\n<p><label> E-mail<br \/>\n<span class=\"wpcf7-form-control-wrap\" data-name=\"your-email\"><input size=\"40\" maxlength=\"400\" class=\"wpcf7-form-control wpcf7-email wpcf7-validates-as-required wpcf7-text wpcf7-validates-as-email\" aria-required=\"true\" aria-invalid=\"false\" value=\"\" type=\"email\" name=\"your-email\" \/><\/span> <\/label>\n<\/p>\n<p><span class=\"wpcf7-form-control-wrap\" data-name=\"acceptance-659\"><span class=\"wpcf7-form-control wpcf7-acceptance optional\"><span class=\"wpcf7-list-item\"><label><input type=\"checkbox\" name=\"acceptance-659\" value=\"1\" aria-invalid=\"false\" \/><span class=\"wpcf7-list-item-label\">Autorizo a Casa da Cr\u00edtica a enviar newsletters e informa\u00e7\u00f5es sobre cursos e palestras e manter meu e-mail em seu cadastro.<\/span><\/label><\/span><\/span><\/span>\n<\/p>\n<p><input class=\"wpcf7-form-control wpcf7-submit has-spinner\" type=\"submit\" value=\"Quero me cadastrar\" \/>\n<\/p><p style=\"display: none !important;\" class=\"akismet-fields-container\" data-prefix=\"_wpcf7_ak_\"><label>&#916;<textarea name=\"_wpcf7_ak_hp_textarea\" cols=\"45\" rows=\"8\" maxlength=\"100\"><\/textarea><\/label><input type=\"hidden\" id=\"ak_js_1\" name=\"_wpcf7_ak_js\" value=\"24\"\/><script>document.getElementById( \"ak_js_1\" ).setAttribute( \"value\", ( new Date() ).getTime() );<\/script><\/p><div class=\"wpcf7-response-output\" aria-hidden=\"true\"><\/div>\n<\/form>\n<\/div>\n<div id=\"websigner_softplan_com_br\" class=\"websigner_softplan_com_br\" style=\"display: none;\">\u00a0<\/div><div id=\"websigner_softplan_com_br\" class=\"websigner_softplan_com_br\" style=\"display: none;\">\u00a0<\/div><div id=\"websigner_softplan_com_br\" class=\"websigner_softplan_com_br\" style=\"display: none;\">\u00a0<\/div><div id=\"websigner_softplan_com_br\" class=\"websigner_softplan_com_br\" style=\"display: none;\">\u00a0<\/div><div id=\"websigner_softplan_com_br\" class=\"websigner_softplan_com_br\" style=\"display: none;\">\u00a0<\/div>\t\t\t\t\t\t\t\t<\/div>\n\t\t\t\t<\/div>\n\t\t\t\t\t<\/div>\n\t\t<\/div>\n\t\t\t\t\t<\/div>\n\t\t<\/section>\n\t\t\t\t<\/div>\n\t\t","protected":false},"excerpt":{"rendered":"<p>Receba em primeira m\u00e3o as newsletters e as novidades da Casa da Cr\u00edtica. \u00c9 f\u00e1cil e r\u00e1pido para se cadastrar. Todos os cadastrados concorrem ao sorteio de uma obra formativa por m\u00eas. Seja bem vindo!<\/p>\n","protected":false},"author":1,"featured_media":7750,"parent":0,"menu_order":0,"comment_status":"closed","ping_status":"closed","template":"","meta":{"footnotes":""},"class_list":["post-911","page","type-page","status-publish","has-post-thumbnail","hentry"],"_links":{"self":[{"href":"https:\/\/casadacritica.com.br\/site\/wp-json\/wp\/v2\/pages\/911","targetHints":{"allow":["GET"]}}],"collection":[{"href":"https:\/\/casadacritica.com.br\/site\/wp-json\/wp\/v2\/pages"}],"about":[{"href":"https:\/\/casadacritica.com.br\/site\/wp-json\/wp\/v2\/types\/page"}],"author":[{"embeddable":true,"href":"https:\/\/casadacritica.com.br\/site\/wp-json\/wp\/v2\/users\/1"}],"replies":[{"embeddable":true,"href":"https:\/\/casadacritica.com.br\/site\/wp-json\/wp\/v2\/comments?post=911"}],"version-history":[{"count":8,"href":"https:\/\/casadacritica.com.br\/site\/wp-json\/wp\/v2\/pages\/911\/revisions"}],"predecessor-version":[{"id":7752,"href":"https:\/\/casadacritica.com.br\/site\/wp-json\/wp\/v2\/pages\/911\/revisions\/7752"}],"wp:featuredmedia":[{"embeddable":true,"href":"https:\/\/casadacritica.com.br\/site\/wp-json\/wp\/v2\/media\/7750"}],"wp:attachment":[{"href":"https:\/\/casadacritica.com.br\/site\/wp-json\/wp\/v2\/media?parent=911"}],"curies":[{"name":"wp","href":"https:\/\/api.w.org\/{rel}","templated":true}]}}