{"id":5300,"date":"2019-10-29T20:53:55","date_gmt":"2019-10-29T20:53:55","guid":{"rendered":"https:\/\/casadacritica.com.br\/site\/?page_id=5300"},"modified":"2019-11-08T11:51:44","modified_gmt":"2019-11-08T11:51:44","slug":"i-congresso-de-educacao","status":"publish","type":"page","link":"https:\/\/casadacritica.com.br\/site\/i-congresso-de-educacao\/","title":{"rendered":"I Congresso de Educa\u00e7\u00e3o"},"content":{"rendered":"<ul>\n<li><a href=\"http:\/\/casadacritica.com.br\/site\/cursos\/\">Cursos<\/a><\/li>\n<\/ul>\n<p style=\"text-align: center;\"><img fetchpriority=\"high\" decoding=\"async\" class=\"aligncenter wp-image-5222 size-full\" src=\"https:\/\/casadacritica.com.br\/site\/wp-content\/uploads\/2019\/10\/C\u00f3pia-de-I-CONGRESSO-DE-EDUCA\u00c7\u00c3O.png\" alt=\"\" width=\"810\" height=\"450\" srcset=\"https:\/\/casadacritica.com.br\/site\/wp-content\/uploads\/2019\/10\/C\u00f3pia-de-I-CONGRESSO-DE-EDUCA\u00c7\u00c3O.png 810w, https:\/\/casadacritica.com.br\/site\/wp-content\/uploads\/2019\/10\/C\u00f3pia-de-I-CONGRESSO-DE-EDUCA\u00c7\u00c3O-300x167.png 300w, https:\/\/casadacritica.com.br\/site\/wp-content\/uploads\/2019\/10\/C\u00f3pia-de-I-CONGRESSO-DE-EDUCA\u00c7\u00c3O-768x427.png 768w\" sizes=\"(max-width: 810px) 100vw, 810px\" \/><\/p>\n<p>&nbsp;<\/p>\n<p><strong>I CONGRESSO DE EDUCA\u00c7\u00c3O<br \/>\n<\/strong><\/p>\n<p>&nbsp;<\/p>\n<p class=\"x_MsoNormal\">O\u00a0<b>I CONGRESSO DE EDUCA\u00c7\u00c3O<\/b>\u00a0co-realizado pelas parceiras\u00a0<b>Free School<\/b>\u00a0e\u00a0<b>Casa da Cr\u00edtica<\/b>\u00a0congrega e divulga saberes e experi\u00eancias complementares. De um lado, a fonte montessoriana e doutro a fonte das artes liberais cl\u00e1ssicas.<\/p>\n<p class=\"x_MsoNormal\">Haver\u00e1 v\u00e1rias atividades de exposi\u00e7\u00e3o, sempre seguidas de intera\u00e7\u00e3o com o p\u00fablico presente sobre aspectos estruturais da educa\u00e7\u00e3o propriamente dita, orientada \u00e0 emerg\u00eancia das finas potencialidades humanas, em primazia sobre a mera instru\u00e7\u00e3o, tantas vezes confundida como se educa\u00e7\u00e3o fosse.<\/p>\n<p class=\"x_MsoNormal\">Veja a rica grade de atividades propostas para os 3 dias do evento, todas na sede da\u00a0<b>Free School\u00a0<\/b>no Rio de Janeiro:<\/p>\n<p>&nbsp;<\/p>\n<p style=\"font-weight: 400;\"><strong><span style=\"color: #ff0000;\">Vaga limitadas (40). Maiores informa\u00e7\u00f5es e inscri\u00e7\u00f5es pelo link:<\/span><\/strong>\u00a0<a href=\"https:\/\/tinyurl.com\/y42gdmtv\" data-saferedirecturl=\"https:\/\/www.google.com\/url?q=https:\/\/tinyurl.com\/y42gdmtv&amp;source=gmail&amp;ust=1573299874309000&amp;usg=AFQjCNFTlzzBuMlGDix-ecxEEQbQj4l59g\">https:\/\/tinyurl.com\/y42gdmtv<\/a><\/p>\n<p>&nbsp;<\/p>\n<p style=\"font-weight: 400;\"><strong>Programa\u00e7\u00e3o:<\/strong><\/p>\n<p>&nbsp;<\/p>\n<p style=\"font-weight: 400;\"><strong>22\/11\/19, 6\u00aa feira:<\/strong><\/p>\n<p style=\"font-weight: 400;\">\u2013 19:30 Abertura<\/p>\n<p style=\"font-weight: 400;\">\u2013 20:00 Exibi\u00e7\u00e3o do filme montessoriano \u201cLet the child be the guide\u201d<\/p>\n<p>&nbsp;<\/p>\n<p style=\"font-weight: 400;\"><strong>23\/11\/19, S\u00e1bado:<\/strong><\/p>\n<p style=\"font-weight: 400;\">\u2013 10:00 Abertura<\/p>\n<p style=\"font-weight: 400;\">\u2013 10:10 \u2013 10:30 Palestra com Cl\u00e1udio Berbel: \u201cEduca\u00e7\u00e3o no Brasil e o projeto Free School\u201d<\/p>\n<p style=\"font-weight: 400;\">\u2013 10:45 &#8211; 11:30 Palestra com Vicente Tolezano \u201cAnalfabetismo Funcional\u201d;<\/p>\n<p style=\"font-weight: 400;\">\u2013 11:30 \u2013 12:30 Debates, discuss\u00e3o, perguntas, etc \u2026<\/p>\n<p style=\"font-weight: 400;\">\u2013 14:00 &#8211; 14:30 Palestra com Dayse Canano \u201cConstru\u00e7\u00e3o da linguagem na educa\u00e7\u00e3o infantil&#8221;\u201d<\/p>\n<p style=\"font-weight: 400;\">\u2013 15:00 \u2013 16:00 Palestra com S\u00f4nia Joras \u201cEduca\u00e7\u00e3o C\u00f3smica\u201d<\/p>\n<p style=\"font-weight: 400;\">\u2013 16:45 \u2013 17:15 Palestra com Eliana Cardoso Hist\u00f3ria de fadas e o desenvolvimento da imagina\u00e7\u00e3o na educa\u00e7\u00e3o infantil\u201c\u201d.<\/p>\n<p style=\"font-weight: 400;\">\u2013 17:45 \u2013 18:30 Debates, discuss\u00e3o, perguntas, etc \u2026<\/p>\n<p>&nbsp;<\/p>\n<p style=\"font-weight: 400;\"><strong>24\/11\/19, Domingo:<\/strong><\/p>\n<p style=\"font-weight: 400;\">\u2013 10:30 \u2013 11:15 Palestra com Vicente Tolezano \u201cAs 7 Artes Liberais\u201d.<\/p>\n<p style=\"font-weight: 400;\">\u2013 11:15 \u2013 12:30 Debates, discuss\u00e3o, perguntas, etc \u2026<\/p>\n<p>&nbsp;<\/p>\n<p style=\"font-weight: 400;\"><strong>A Free School funciona no mezanino da Cobal de Botafogo\/RJ na R. Volunt\u00e1rios da P\u00e1tria, 446.<\/strong><\/p>\n<p>&nbsp;<\/p>\n<p>&nbsp;<\/p>\n<h2 style=\"text-align: center;\"><span style=\"color: #ff0000;\"><strong>&gt;&gt;&gt;&gt;&gt;&gt;\u00a0 INSCRI\u00c7\u00d5ES ABERTAS\u00a0 &lt;&lt;&lt;&lt;&lt;&lt;<\/strong><\/span><\/h2>\n<p>&nbsp;<\/p>\n<h3 style=\"text-align: center;\">Valor = R$ 149,00<\/h3>\n<p>&nbsp;<\/p>\n<h4 style=\"text-align: center;\">Inscri\u00e7\u00f5es at\u00e9 21\/11\/19 ou at\u00e9 completarem as vagas.<\/h4>\n<h4><\/h4>\n<h4 style=\"text-align: center;\">Ser\u00e3o apenas 40 vagas para o I Congresso de Educa\u00e7\u00e3o.<\/h4>\n<h4><\/h4>\n<h3 style=\"text-align: center;\">Garanta sua vaga logo !!!<\/h3>\n<p>&nbsp;<\/p>\n<p><a href=\"https:\/\/pag.ae\/7VpDUzWB6\" target=\"_blank\" rel=\"noopener\"><img decoding=\"async\" class=\" wp-image-2971 aligncenter\" src=\"https:\/\/casadacritica.com.br\/site\/wp-content\/uploads\/2019\/05\/botao-compre-ja-garanta-sua-vaga-300x45.jpg\" alt=\"\" width=\"353\" height=\"53\" srcset=\"https:\/\/casadacritica.com.br\/site\/wp-content\/uploads\/2019\/05\/botao-compre-ja-garanta-sua-vaga-300x45.jpg 300w, https:\/\/casadacritica.com.br\/site\/wp-content\/uploads\/2019\/05\/botao-compre-ja-garanta-sua-vaga.jpg 400w\" sizes=\"(max-width: 353px) 100vw, 353px\" \/><\/a><\/p>\n<p>&nbsp;<\/p>\n<p style=\"text-align: center;\"><strong>O valor da inscri\u00e7\u00e3o para o I Congresso de Educa\u00e7\u00e3o<\/strong><\/p>\n<p style=\"text-align: center;\"><strong> pode ser parcelado em at\u00e9 12x pelo Pagseguro.<\/strong><\/p>\n<p>&nbsp;<\/p>\n<hr \/>\n<p>Todos direitos s\u00e3o reservados e protegidos para Casa da Cr\u00edtica, sendo permitida a reprodu\u00e7\u00e3o dos conte\u00fados desde que seja citada a autoria e mantida a integralidade dos textos.<\/p>\n","protected":false},"excerpt":{"rendered":"<p>Cursos &nbsp; I CONGRESSO DE EDUCA\u00c7\u00c3O &nbsp; O\u00a0I CONGRESSO DE EDUCA\u00c7\u00c3O\u00a0co-realizado pelas parceiras\u00a0Free School\u00a0e\u00a0Casa da Cr\u00edtica\u00a0congrega e divulga saberes e experi\u00eancias complementares. De um lado, a fonte montessoriana e doutro a fonte das artes liberais cl\u00e1ssicas. Haver\u00e1 v\u00e1rias atividades de exposi\u00e7\u00e3o, sempre seguidas de intera\u00e7\u00e3o com o p\u00fablico presente sobre aspectos estruturais da educa\u00e7\u00e3o propriamente [&hellip;]<\/p>\n","protected":false},"author":1,"featured_media":0,"parent":0,"menu_order":0,"comment_status":"open","ping_status":"closed","template":"","meta":{"footnotes":""},"class_list":["post-5300","page","type-page","status-publish","hentry"],"_links":{"self":[{"href":"https:\/\/casadacritica.com.br\/site\/wp-json\/wp\/v2\/pages\/5300","targetHints":{"allow":["GET"]}}],"collection":[{"href":"https:\/\/casadacritica.com.br\/site\/wp-json\/wp\/v2\/pages"}],"about":[{"href":"https:\/\/casadacritica.com.br\/site\/wp-json\/wp\/v2\/types\/page"}],"author":[{"embeddable":true,"href":"https:\/\/casadacritica.com.br\/site\/wp-json\/wp\/v2\/users\/1"}],"replies":[{"embeddable":true,"href":"https:\/\/casadacritica.com.br\/site\/wp-json\/wp\/v2\/comments?post=5300"}],"version-history":[{"count":8,"href":"https:\/\/casadacritica.com.br\/site\/wp-json\/wp\/v2\/pages\/5300\/revisions"}],"predecessor-version":[{"id":5406,"href":"https:\/\/casadacritica.com.br\/site\/wp-json\/wp\/v2\/pages\/5300\/revisions\/5406"}],"wp:attachment":[{"href":"https:\/\/casadacritica.com.br\/site\/wp-json\/wp\/v2\/media?parent=5300"}],"curies":[{"name":"wp","href":"https:\/\/api.w.org\/{rel}","templated":true}]}}