{"id":5108,"date":"2019-10-23T00:56:31","date_gmt":"2019-10-23T00:56:31","guid":{"rendered":"https:\/\/casadacritica.com.br\/site\/?page_id=5108"},"modified":"2019-10-29T15:28:25","modified_gmt":"2019-10-29T15:28:25","slug":"curso-trivium-turma-vii","status":"publish","type":"page","link":"https:\/\/casadacritica.com.br\/site\/curso-trivium-turma-vii\/","title":{"rendered":"Curso: Trivium &#8211; Turma 07"},"content":{"rendered":"<ul>\n<li><a href=\"http:\/\/casadacritica.com.br\/site\/cursos\/\">Cursos<\/a><\/li>\n<\/ul>\n<p style=\"text-align: center;\"><a href=\"https:\/\/casadacritica.com.br\/site\/wp-content\/uploads\/2019\/10\/015-TV-07.png\"><img fetchpriority=\"high\" decoding=\"async\" class=\"wp-image-4621 aligncenter\" src=\"https:\/\/casadacritica.com.br\/site\/wp-content\/uploads\/2019\/10\/015-TV-07-300x167.png\" alt=\"\" width=\"757\" height=\"420\" srcset=\"https:\/\/casadacritica.com.br\/site\/wp-content\/uploads\/2019\/10\/015-TV-07-300x167.png 300w, https:\/\/casadacritica.com.br\/site\/wp-content\/uploads\/2019\/10\/015-TV-07-768x427.png 768w, https:\/\/casadacritica.com.br\/site\/wp-content\/uploads\/2019\/10\/015-TV-07.png 810w\" sizes=\"(max-width: 757px) 100vw, 757px\" \/><\/a><\/p>\n<p>&nbsp;<\/p>\n<p><strong>CURSO: TRIVIUM &#8211; TURMA 07 &#8211; DISCIPLINAS DO TRIVIUM<\/strong><\/p>\n<p>Professor: Vicente do Prado Tolezano<\/p>\n<p>&nbsp;<\/p>\n<p><strong>Apresenta\u00e7\u00e3o do Curso<\/strong><\/p>\n<p>&nbsp;<\/p>\n<p style=\"text-align: center;\"><iframe src=\"https:\/\/player.vimeo.com\/video\/352574761\" width=\"640\" height=\"360\" frameborder=\"0\" allowfullscreen=\"allowfullscreen\"><\/iframe><\/p>\n<p>&nbsp;<\/p>\n<p><strong>O que \u00e9 o TRIVIUM<\/strong><\/p>\n<p>&nbsp;<\/p>\n<p>O TRIVIUM foi um sistema de educa\u00e7\u00e3o concebido por SANTO AGOSTINHO (354 \u2013 430 d.C.) para enfrentar o problema de IN\u00c9PCIA intelectual das pessoas inclusive para ler com compreens\u00e3o adequada os Livros Santos, o que conduzia, obviamente, a muitos problemas, inclusive fanatismo.<\/p>\n<p>Compunha-se de 3 disciplinas \u2013 e da\u00ed TRIVIUM, de 3 \u201cvias\u201d \u2013 <strong>Gram\u00e1tica, Ret\u00f3rica e L\u00f3gica<\/strong>.<\/p>\n<p>As disciplinas do TRIVIUM n\u00e3o t\u00eam absolutamente o mesmo sentido que corrente se lhes d\u00e1.<\/p>\n<p>&nbsp;<\/p>\n<p>A <strong>GRAM\u00c1TICA<\/strong> se ocupa n\u00e3o apenas da norma culta da l\u00edngua, mas abarca a SENSIBILIDADE\/PERCEP\u00c7\u00c3O e a IMAGINA\u00c7\u00c3O humanas.<\/p>\n<p>&nbsp;<\/p>\n<p>A <strong>L\u00d3GICA<\/strong> se ocupa n\u00e3o apenas da ci\u00eancia dos RACIOC\u00cdNIOS, mas tamb\u00e9m da pr\u00f3pria captura e gera\u00e7\u00e3o de VALORES.<\/p>\n<p>&nbsp;<\/p>\n<p>A <strong>RET\u00d3RICA<\/strong>, ao cabo, cabe debru\u00e7ar-se para al\u00e9m das t\u00e9cnicas de persuas\u00e3o e se ocupa tamb\u00e9m da compreens\u00e3o do processo de VONTADE e DELIBERA\u00c7\u00c3O humanas.<\/p>\n<p>&nbsp;<\/p>\n<p>O TRIVIUM se ocupa da forma\u00e7\u00e3o da mente das pessoas, tonificando as pot\u00eancias da alma, conforme a divis\u00e3o cl\u00e1ssica desta, que data de PLAT\u00c3O (428 \u2013 348 a.C.), em desiderativa (desejante), intelectual e volitiva.\u00a0\u00c9 a porta de entrada para que se convencionou chamar de ARTES LIBERAIS, a educa\u00e7\u00e3o para a LIBERDADE DE SER em contraste com as artes utilit\u00e1rias, normalmente objeto apenas de \u201cinstru\u00e7\u00e3o\u201d, sem que exista, em efeito, ingresso transformador na alma das pessoas.<\/p>\n<p>O TRIVIUM \u00e9 muito intelectual, mas n\u00e3o incorre nos pecados do RACIONALISMO. Suas vistas s\u00e3o para uma vida integrada em sensibilidade, afeto, clareza na intelig\u00eancia e ordena\u00e7\u00e3o da vontade.<\/p>\n<p>A vida bem ordenada, nesse sentido amplo, se aproxima dos transcendentais da BELEZA, VERDADE e BONDADE, fim efetivo, pr\u00f3prio e \u00fanico, ali\u00e1s, do que seja EDUCA\u00c7\u00c3O propriamente dita.<\/p>\n<p>&nbsp;<\/p>\n<p><strong>Metodologia do curso<br \/>\n<\/strong><\/p>\n<p>O Curso de Trivium &#8211; Turma 07 proporcionar\u00e1 maior interatividade, participa\u00e7\u00e3o e aprendizado para os alunos.<\/p>\n<ul>\n<li>O curso contar\u00e1 com <strong>100% das aulas disponibilizadas na plataforma de EAD (Ensino \u00e0 Dist\u00e2ncia), aulas j\u00e1 gravadas e liberadas toda ter\u00e7a e quinta-feira.\u00a0<\/strong><\/li>\n<li>Os alunos tamb\u00e9m ter\u00e3o acesso ao chat, ao grupo de Whatsapp e \u00e0 lista de discuss\u00e3o.<\/li>\n<li>O Prof. Vicente Tolezano mediar\u00e1 d\u00favidas e debates uma vez por semana, \u00e0s 6as. feiras, na plataforma de EAD (Ensino \u00e0 Dist\u00e2ncia).<\/li>\n<li>A plataforma de EAD (Ensino \u00e0 Dist\u00e2ncia) tamb\u00e9m conter\u00e1 materiais para leitura e feitura de exerc\u00edcios.<\/li>\n<li>Cada aluno ter\u00e1 uma senha exclusiva de acesso ao EAD (Ensino \u00e0 Dist\u00e2ncia).<\/li>\n<li><strong>O curso prover\u00e1 2 atendimentos pessoais a cada aluno, sendo o primeiro no in\u00edcio do curso e o segundo imediatamente antes das aulas de ret\u00f3rica.<\/strong><\/li>\n<li>As aulas estar\u00e3o dispon\u00edveis na plataforma EAD (Ensino \u00e0 Dist\u00e2ncia) no per\u00edodo de 15\/10\/19 a 31\/12\/19, sendo que cada aula ser\u00e1 disponibilizada conforme o cronograma abaixo.<\/li>\n<li>Principais autores de refer\u00eancia: Plat\u00e3o, Arist\u00f3teles, Santo Agostinho e S\u00e3o Tom\u00e1s de Aquino.<\/li>\n<\/ul>\n<p>&nbsp;<\/p>\n<p><strong>Sobre o professor<\/strong><\/p>\n<p>Vicente do Prado Tolezano \u00e9 graduado em Direito pela PUC\/SP, exerce a advocacia empresarial h\u00e1 24 anos, fez Mestrado Acad\u00eamico em Filosofia na Faculdade de Filosofia do Mosteiro de S\u00e3o Bento em S\u00e3o Paulo, com disserta\u00e7\u00e3o defendida sobre a Metafisica de Arist\u00f3teles, tem forma\u00e7\u00e3o complementar em Psican\u00e1lise, Gest\u00e3o, Media\u00e7\u00e3o, Biodan\u00e7a e Filosofia Clinica. \u00c9 diretor geral da CASA DA CR\u00cdTICA.<\/p>\n<p>&nbsp;<\/p>\n<p><strong>A quais p\u00fablicos o curso \u00e9 dirigido ?<\/strong><\/p>\n<p>O curso de TRIVIUM se dirige a v\u00e1rios p\u00fablicos:<\/p>\n<p>A &#8211; a quem quer come\u00e7ar uma vida de estudos;<\/p>\n<p>B &#8211; a quem j\u00e1 est\u00e1 debru\u00e7ado em um esfor\u00e7o de estudos, mas precisa de u,ma ordena\u00e7\u00e3o entre os diversos estudos;<\/p>\n<p>C &#8211; aos que querem um primeiro contato com filosofia e erudi\u00e7\u00e3o cl\u00e1ssicas;<\/p>\n<p>D &#8211; a todos que queiram\u00a0SE EDUCAR (no sentido reflexivo mesmo) para o SER.<\/p>\n<p>Evidentemente, n\u00e3o se pode num curso intensivo prover toda educa\u00e7\u00e3o do sistema medieval que demandava anos. O prop\u00f3sito \u00e9 elucidar os conceitos chaves, mostrar a inter-rela\u00e7\u00e3o exist\u00eancia e realidade e dar os caminhos para que os alunos possam seguir adiante por si, esp\u00edrito, ali\u00e1s, que j\u00e1 era pr\u00f3prio do TRIVIUM.<\/p>\n<p>Ainda que tenha o TRIVIUM sido concebido em ambiente Crist\u00e3o Cat\u00f3lico, seus pressupostos s\u00e3o da raz\u00e3o natural e n\u00e3o h\u00e1 necessidade qualquer de ser crist\u00e3o para fazer o curso e aproveitar do seu conte\u00fado. O pensador que, inclusive, ser\u00e1 mais referido ao longo do curso ser\u00e1 ARIST\u00d3TELES.<\/p>\n<p>Os pr\u00e9-requisitos para participar do curso s\u00e3o 2: VONTADE e GOSTO por estudar.<\/p>\n<p>&nbsp;<\/p>\n<p><strong>Calend\u00e1rio<\/strong><\/p>\n<p><a href=\"https:\/\/casadacritica.com.br\/site\/wp-content\/uploads\/2019\/10\/Cronograma-Trivium-turma-7.png\"><img decoding=\"async\" class=\"wp-image-5137 aligncenter\" src=\"https:\/\/casadacritica.com.br\/site\/wp-content\/uploads\/2019\/10\/Cronograma-Trivium-turma-7-300x212.png\" alt=\"\" width=\"670\" height=\"475\" srcset=\"https:\/\/casadacritica.com.br\/site\/wp-content\/uploads\/2019\/10\/Cronograma-Trivium-turma-7-300x212.png 300w, https:\/\/casadacritica.com.br\/site\/wp-content\/uploads\/2019\/10\/Cronograma-Trivium-turma-7-768x543.png 768w, https:\/\/casadacritica.com.br\/site\/wp-content\/uploads\/2019\/10\/Cronograma-Trivium-turma-7-1024x724.png 1024w, https:\/\/casadacritica.com.br\/site\/wp-content\/uploads\/2019\/10\/Cronograma-Trivium-turma-7.png 1123w\" sizes=\"(max-width: 670px) 100vw, 670px\" \/><\/a><\/p>\n<p><strong>E-Flyer do Curso<br \/>\n<\/strong><\/p>\n<p><a href=\"https:\/\/casadacritica.com.br\/site\/e-flyer-do-curso-de-trivium-vii-solicitacao-de-download\/\"><img decoding=\"async\" class=\"wp-image-5152 aligncenter\" src=\"https:\/\/casadacritica.com.br\/site\/wp-content\/uploads\/2019\/10\/botao-quero-meu-eflyer-300x51.jpg\" alt=\"\" width=\"435\" height=\"74\" srcset=\"https:\/\/casadacritica.com.br\/site\/wp-content\/uploads\/2019\/10\/botao-quero-meu-eflyer-300x51.jpg 300w, https:\/\/casadacritica.com.br\/site\/wp-content\/uploads\/2019\/10\/botao-quero-meu-eflyer.jpg 350w\" sizes=\"(max-width: 435px) 100vw, 435px\" \/><\/a><\/p>\n<p>&nbsp;<\/p>\n<h2><span style=\"color: #ff0000;\"><strong>&gt;&gt;&gt;&gt;&gt;&gt;\u00a0\u00a0 \u00daltima Chance para se Inscrever para a Turma 07 !!!\u00a0 &lt;&lt;&lt;&lt;&lt;&lt;<\/strong><\/span><\/h2>\n<p>&nbsp;<\/p>\n<p>Valor promocional at\u00e9 23\/10\/19 = R$ 540,00<\/p>\n<p>&nbsp;<\/p>\n<p><strong>O valor do curso pode ser parcelado em at\u00e9 12x pelo Pagseguro<\/strong><\/p>\n<p>&nbsp;<\/p>\n<p><a href=\"https:\/\/pag.ae\/7VonVwhpu\" target=\"_blank\" rel=\"noopener\"><img loading=\"lazy\" decoding=\"async\" class=\" wp-image-2971 aligncenter\" src=\"https:\/\/casadacritica.com.br\/site\/wp-content\/uploads\/2019\/05\/botao-compre-ja-garanta-sua-vaga-300x45.jpg\" alt=\"\" width=\"353\" height=\"53\" srcset=\"https:\/\/casadacritica.com.br\/site\/wp-content\/uploads\/2019\/05\/botao-compre-ja-garanta-sua-vaga-300x45.jpg 300w, https:\/\/casadacritica.com.br\/site\/wp-content\/uploads\/2019\/05\/botao-compre-ja-garanta-sua-vaga.jpg 400w\" sizes=\"(max-width: 353px) 100vw, 353px\" \/><\/a><\/p>\n<p>&nbsp;<\/p>\n<hr \/>\n<p>Todos direitos s\u00e3o reservados e protegidos para Casa da Cr\u00edtica, sendo permitida a reprodu\u00e7\u00e3o dos conte\u00fados desde que seja citada a autoria e mantida a integralidade dos textos.<\/p>\n","protected":false},"excerpt":{"rendered":"<p>Cursos &nbsp; CURSO: TRIVIUM &#8211; TURMA 07 &#8211; DISCIPLINAS DO TRIVIUM Professor: Vicente do Prado Tolezano &nbsp; Apresenta\u00e7\u00e3o do Curso &nbsp; &nbsp; O que \u00e9 o TRIVIUM &nbsp; O TRIVIUM foi um sistema de educa\u00e7\u00e3o concebido por SANTO AGOSTINHO (354 \u2013 430 d.C.) para enfrentar o problema de IN\u00c9PCIA intelectual das pessoas inclusive para ler [&hellip;]<\/p>\n","protected":false},"author":1,"featured_media":0,"parent":0,"menu_order":0,"comment_status":"open","ping_status":"closed","template":"","meta":{"footnotes":""},"class_list":["post-5108","page","type-page","status-publish","hentry"],"_links":{"self":[{"href":"https:\/\/casadacritica.com.br\/site\/wp-json\/wp\/v2\/pages\/5108","targetHints":{"allow":["GET"]}}],"collection":[{"href":"https:\/\/casadacritica.com.br\/site\/wp-json\/wp\/v2\/pages"}],"about":[{"href":"https:\/\/casadacritica.com.br\/site\/wp-json\/wp\/v2\/types\/page"}],"author":[{"embeddable":true,"href":"https:\/\/casadacritica.com.br\/site\/wp-json\/wp\/v2\/users\/1"}],"replies":[{"embeddable":true,"href":"https:\/\/casadacritica.com.br\/site\/wp-json\/wp\/v2\/comments?post=5108"}],"version-history":[{"count":6,"href":"https:\/\/casadacritica.com.br\/site\/wp-json\/wp\/v2\/pages\/5108\/revisions"}],"predecessor-version":[{"id":5245,"href":"https:\/\/casadacritica.com.br\/site\/wp-json\/wp\/v2\/pages\/5108\/revisions\/5245"}],"wp:attachment":[{"href":"https:\/\/casadacritica.com.br\/site\/wp-json\/wp\/v2\/media?parent=5108"}],"curies":[{"name":"wp","href":"https:\/\/api.w.org\/{rel}","templated":true}]}}