{"id":3712,"date":"2019-08-06T21:44:31","date_gmt":"2019-08-06T21:44:31","guid":{"rendered":"https:\/\/casadacritica.com.br\/site\/?page_id=3712"},"modified":"2019-11-29T16:40:53","modified_gmt":"2019-11-29T16:40:53","slug":"curso-de-arte-e-espiritualidade","status":"publish","type":"page","link":"https:\/\/casadacritica.com.br\/site\/curso-de-arte-e-espiritualidade\/","title":{"rendered":"Curso de Arte e Espiritualidade"},"content":{"rendered":"<ul>\n<li><a href=\"http:\/\/casadacritica.com.br\/site\/cursos\/\">Cursos<\/a><\/li>\n<\/ul>\n<p><img fetchpriority=\"high\" decoding=\"async\" class=\"wp-image-4106 aligncenter\" src=\"https:\/\/casadacritica.com.br\/site\/wp-content\/uploads\/2019\/08\/imagem-curso-arte-e-espiritualidade.jpg\" alt=\"\" width=\"569\" height=\"575\" srcset=\"https:\/\/casadacritica.com.br\/site\/wp-content\/uploads\/2019\/08\/imagem-curso-arte-e-espiritualidade.jpg 858w, https:\/\/casadacritica.com.br\/site\/wp-content\/uploads\/2019\/08\/imagem-curso-arte-e-espiritualidade-297x300.jpg 297w, https:\/\/casadacritica.com.br\/site\/wp-content\/uploads\/2019\/08\/imagem-curso-arte-e-espiritualidade-768x775.jpg 768w\" sizes=\"(max-width: 569px) 100vw, 569px\" \/><\/p>\n<p>&nbsp;<\/p>\n<p><strong>CURSO: ARTE E ESPIRITUALIDADE<\/strong><\/p>\n<p>Professor: GABRIEL TOSSATO<\/p>\n<p>&nbsp;<\/p>\n<p><strong>Que rela\u00e7\u00e3o h\u00e1 entre arte e\u00a0<\/strong><strong>espiritualidade?<\/strong><\/p>\n<p>&nbsp;<\/p>\n<p>Essa\u00a0provavelmente, e\u00a0propositalmente, \u00e9 a primeira\u00a0pergunta que surge em\u00a0nossas cabe\u00e7as quando\u00a0lemos o t\u00edtulo deste curso.\u00a0Levar essa quest\u00e3o durante o\u00a0percurso das aulas nos guiar\u00e1\u00a0em um caminho de\u00a0discuss\u00f5es sobre as rela\u00e7\u00f5es\u00a0entre as formas, t\u00e9cnicas e\u00a0padr\u00f5es de determinadas\u00a0artes religiosas e seu\u00a0conte\u00fado pr\u00e1tico, vivencial e\u00a0teol\u00f3gico. Pois mesmo que\u00a0espiritualidade remeta ao\u00a0esp\u00edrito, ela n\u00e3o se restringe a\u00a0uma express\u00e3o imaterial ou\u00a0racional, nem \u00e9 aprisionada\u00a0no fundo da mente de seres\u00a0individuais, por\u00e9m engloba a\u00a0totalidade da vida humana,<br \/>\nadentrando a realidade\u00a0sens\u00edvel,\u00a0imaginativa, com uma mir\u00edade de express\u00f5es e formas que revelam sua subst\u00e2ncia espiritual e possibilitam a intui\u00e7\u00e3o de conhecimentos supra-racionais.<\/p>\n<p>&nbsp;<\/p>\n<p><strong>Metodologia do curso<br \/>\n<\/strong><\/p>\n<p>&nbsp;<\/p>\n<p>O curso \u00e9 ministrado ONLINE por meio de plataforma EAD em que s\u00e3o depositadas as aulas e materiais de apoio, incluindo f\u00f3rum de discuss\u00e3o e atendimento pelo professor.<\/p>\n<ul>\n<li><strong>O curso contar\u00e1 com 7<\/strong><b><b>\u00a0Aulas, que s\u00e3o assistidas, por meio da internet, na plataforma de Ensino \u00e0 Dist\u00e2ncia (EAD) da Casa da Cr\u00edtica, sendo o acesso restrito aos alunos inscritos no curso.<\/b><\/b><\/li>\n<\/ul>\n<p>&nbsp;<\/p>\n<p><strong>Sobre o professor<\/strong><\/p>\n<p>&nbsp;<\/p>\n<p>GABRIEL TOSSATO \u00e9 estudioso de temas da filosofia, arte e ci\u00eancias sociais. Hoje pesquisa assuntos relacionados a filosofia da religi\u00e3o, teologia, metaf\u00edsica, arte sacra e antropologia. \u00c9 organizador de um livro sobre Serafim de Sarov, um hesicasta russo do final do s\u00e9culo XVIII, e ministrou conjuntamente o curso de Cristianismo Bizantino do Instituto Mukharajj Brasilan em 2017. \u00c9 graduando em Ci\u00eancias Econ\u00f4micas e Filosofia pela Universidade Federal do ABC.<\/p>\n<p>&nbsp;<\/p>\n<p><strong>Programa\u00e7\u00e3o<\/strong><\/p>\n<p>&nbsp;<\/p>\n<p><a href=\"https:\/\/casadacritica.com.br\/site\/wp-content\/uploads\/2019\/08\/cronograma-arte-e-espiritualidade-1.png\"><img decoding=\"async\" class=\"wp-image-3728 aligncenter\" src=\"https:\/\/casadacritica.com.br\/site\/wp-content\/uploads\/2019\/08\/cronograma-arte-e-espiritualidade-1-300x212.png\" alt=\"\" width=\"592\" height=\"420\" srcset=\"https:\/\/casadacritica.com.br\/site\/wp-content\/uploads\/2019\/08\/cronograma-arte-e-espiritualidade-1-300x212.png 300w, https:\/\/casadacritica.com.br\/site\/wp-content\/uploads\/2019\/08\/cronograma-arte-e-espiritualidade-1-768x543.png 768w, https:\/\/casadacritica.com.br\/site\/wp-content\/uploads\/2019\/08\/cronograma-arte-e-espiritualidade-1-1024x724.png 1024w, https:\/\/casadacritica.com.br\/site\/wp-content\/uploads\/2019\/08\/cronograma-arte-e-espiritualidade-1.png 1123w\" sizes=\"(max-width: 592px) 100vw, 592px\" \/><\/a><\/p>\n<p>&nbsp;<\/p>\n<p>&nbsp;<\/p>\n<p><strong>Assista ao v\u00eddeo de Apresenta\u00e7\u00e3o do curso:<\/strong><\/p>\n<p>&nbsp;<\/p>\n<p><strong><iframe src=\"https:\/\/player.vimeo.com\/video\/347852873\" width=\"640\" height=\"360\" frameborder=\"0\" allowfullscreen=\"allowfullscreen\"><\/iframe><\/strong><\/p>\n<p>&nbsp;<\/p>\n<p>&nbsp;<\/p>\n<p><strong>E-flyer do Curso<br \/>\n<\/strong><\/p>\n<p><a href=\"https:\/\/casadacritica.com.br\/site\/e-book-do-curso-arte-e-espiritualidade-solicitacao-de-download\/\"><img decoding=\"async\" class=\"wp-image-5152 aligncenter\" src=\"https:\/\/casadacritica.com.br\/site\/wp-content\/uploads\/2019\/10\/botao-quero-meu-eflyer-300x51.jpg\" alt=\"\" width=\"371\" height=\"63\" srcset=\"https:\/\/casadacritica.com.br\/site\/wp-content\/uploads\/2019\/10\/botao-quero-meu-eflyer-300x51.jpg 300w, https:\/\/casadacritica.com.br\/site\/wp-content\/uploads\/2019\/10\/botao-quero-meu-eflyer.jpg 350w\" sizes=\"(max-width: 371px) 100vw, 371px\" \/><\/a><\/p>\n<p>&nbsp;<\/p>\n<h2 style=\"text-align: center;\"><span style=\"color: #ff0000;\"><strong>&gt;&gt;&gt;&gt;&gt;&gt;\u00a0 \u00a0Inscri\u00e7\u00f5es ABERTAS !!!\u00a0 &lt;&lt;&lt;&lt;&lt;&lt;<\/strong><\/span><\/h2>\n<p style=\"text-align: center;\">Valor promocional = R$ 199,00<\/p>\n<p style=\"text-align: center;\">O valor do curso pode ser parcelado em at\u00e9 12x pelo Pagseguro<\/p>\n<p><a href=\"https:\/\/pag.ae\/7VavJxd2M\" target=\"_blank\" rel=\"noopener\"><img loading=\"lazy\" decoding=\"async\" class=\" wp-image-2971 aligncenter\" src=\"https:\/\/casadacritica.com.br\/site\/wp-content\/uploads\/2019\/05\/botao-compre-ja-garanta-sua-vaga-300x45.jpg\" alt=\"\" width=\"353\" height=\"53\" srcset=\"https:\/\/casadacritica.com.br\/site\/wp-content\/uploads\/2019\/05\/botao-compre-ja-garanta-sua-vaga-300x45.jpg 300w, https:\/\/casadacritica.com.br\/site\/wp-content\/uploads\/2019\/05\/botao-compre-ja-garanta-sua-vaga.jpg 400w\" sizes=\"(max-width: 353px) 100vw, 353px\" \/><\/a><\/p>\n<p>&nbsp;<\/p>\n<p>&nbsp;<\/p>\n<p>&nbsp;<\/p>\n<p>&nbsp;<\/p>\n<p>&nbsp;<\/p>\n<hr \/>\n<p>Todos direitos s\u00e3o reservados e protegidos para Casa da Cr\u00edtica, sendo permitida a reprodu\u00e7\u00e3o dos conte\u00fados desde que seja citada a autoria e mantida a integralidade dos textos.<\/p>\n","protected":false},"excerpt":{"rendered":"<p>Cursos &nbsp; CURSO: ARTE E ESPIRITUALIDADE Professor: GABRIEL TOSSATO &nbsp; Que rela\u00e7\u00e3o h\u00e1 entre arte e\u00a0espiritualidade? &nbsp; Essa\u00a0provavelmente, e\u00a0propositalmente, \u00e9 a primeira\u00a0pergunta que surge em\u00a0nossas cabe\u00e7as quando\u00a0lemos o t\u00edtulo deste curso.\u00a0Levar essa quest\u00e3o durante o\u00a0percurso das aulas nos guiar\u00e1\u00a0em um caminho de\u00a0discuss\u00f5es sobre as rela\u00e7\u00f5es\u00a0entre as formas, t\u00e9cnicas e\u00a0padr\u00f5es de determinadas\u00a0artes religiosas e seu\u00a0conte\u00fado pr\u00e1tico, [&hellip;]<\/p>\n","protected":false},"author":2,"featured_media":0,"parent":0,"menu_order":0,"comment_status":"open","ping_status":"closed","template":"","meta":{"footnotes":""},"class_list":["post-3712","page","type-page","status-publish","hentry"],"_links":{"self":[{"href":"https:\/\/casadacritica.com.br\/site\/wp-json\/wp\/v2\/pages\/3712","targetHints":{"allow":["GET"]}}],"collection":[{"href":"https:\/\/casadacritica.com.br\/site\/wp-json\/wp\/v2\/pages"}],"about":[{"href":"https:\/\/casadacritica.com.br\/site\/wp-json\/wp\/v2\/types\/page"}],"author":[{"embeddable":true,"href":"https:\/\/casadacritica.com.br\/site\/wp-json\/wp\/v2\/users\/2"}],"replies":[{"embeddable":true,"href":"https:\/\/casadacritica.com.br\/site\/wp-json\/wp\/v2\/comments?post=3712"}],"version-history":[{"count":24,"href":"https:\/\/casadacritica.com.br\/site\/wp-json\/wp\/v2\/pages\/3712\/revisions"}],"predecessor-version":[{"id":5745,"href":"https:\/\/casadacritica.com.br\/site\/wp-json\/wp\/v2\/pages\/3712\/revisions\/5745"}],"wp:attachment":[{"href":"https:\/\/casadacritica.com.br\/site\/wp-json\/wp\/v2\/media?parent=3712"}],"curies":[{"name":"wp","href":"https:\/\/api.w.org\/{rel}","templated":true}]}}