{"id":2553,"date":"2019-04-03T19:49:43","date_gmt":"2019-04-03T19:49:43","guid":{"rendered":"https:\/\/casadacritica.com.br\/site\/?page_id=2553"},"modified":"2019-10-29T16:25:26","modified_gmt":"2019-10-29T16:25:26","slug":"minicurso-de-historia-da-musica-erudita-ocidental","status":"publish","type":"page","link":"https:\/\/casadacritica.com.br\/site\/minicurso-de-historia-da-musica-erudita-ocidental\/","title":{"rendered":"Minicurso de Hist\u00f3ria da M\u00fasica Erudita Ocidental"},"content":{"rendered":"<ul>\n<li><a href=\"http:\/\/casadacritica.com.br\/site\/cursos\/\">Cursos<\/a><\/li>\n<\/ul>\n<p><a href=\"https:\/\/casadacritica.com.br\/site\/wp-content\/uploads\/2019\/08\/musica.jpg\"><img fetchpriority=\"high\" decoding=\"async\" class=\"wp-image-3925 aligncenter\" src=\"https:\/\/casadacritica.com.br\/site\/wp-content\/uploads\/2019\/08\/musica-300x175.jpg\" alt=\"\" width=\"670\" height=\"391\" srcset=\"https:\/\/casadacritica.com.br\/site\/wp-content\/uploads\/2019\/08\/musica-300x175.jpg 300w, https:\/\/casadacritica.com.br\/site\/wp-content\/uploads\/2019\/08\/musica-768x448.jpg 768w, https:\/\/casadacritica.com.br\/site\/wp-content\/uploads\/2019\/08\/musica.jpg 840w\" sizes=\"(max-width: 670px) 100vw, 670px\" \/><\/a><\/p>\n<p>&nbsp;<\/p>\n<p><strong>MINICURSO: HIST\u00d3RIA DA M\u00daSICA ERUDITA OCIDENTAL<\/strong><\/p>\n<p>Professor: Linconl Haas Hein<\/p>\n<p>&nbsp;<\/p>\n<p><strong>Para quem o curso \u00e9 aplic\u00e1vel ?<\/strong><\/p>\n<p>Este curso \u00e9 dirigido para m\u00fasicos, apreciadores das artes e a todos que buscam DESENVOLVIMENTO e INTEGRA\u00c7\u00c3O DE PERSONALIDADE.<\/p>\n<p>&nbsp;<\/p>\n<p><strong>Introdu\u00e7\u00e3o \u00e0 M\u00fasica Erudita Ocidental<\/strong><\/p>\n<div>Falar em m\u00fasica cl\u00e1ssica e em m\u00fasica erudita \u00e9 tocar em quest\u00f5es como: o que \u00e9\u00a0 cultura, o que \u00e9 cultura erudita e o que \u00e9 cultura popular.<\/div>\n<div><\/div>\n<div>A palavra &#8220;erudi\u00e7\u00e3o&#8221; vem do latim: &#8220;sair da rudeza&#8221;, &#8220;deixar de ser rude&#8221; e rude, por sua vez, vem de um radical que significa &#8220;rasgar&#8221; e &#8220;cavar&#8221; e de uma palavra latina que significa &#8220;sem refinamento&#8221;, &#8220;sem per\u00edcia&#8221; e &#8220;n\u00e3o cultivado&#8221;.<\/div>\n<div><\/div>\n<div>A m\u00fasica erudita, para que possa ser realizada, exige um tipo de cultivo, um tipo de educa\u00e7\u00e3o formal em seus processos de execu\u00e7\u00e3o e composi\u00e7\u00e3o, um tipo de per\u00edcia diferente.<\/div>\n<div><\/div>\n<div>Essa educa\u00e7\u00e3o formal est\u00e1 ligada sobretudo ao desenvolvimento da nota\u00e7\u00e3o musical no ocidente e aos estudos te\u00f3ricos envolvendo as narrativas musicais, as texturas e elabora\u00e7\u00f5es musicais que os compositores puderam realizar a partir da utiliza\u00e7\u00e3o do sistema de escrita de partituras.<\/div>\n<div><\/div>\n<div><\/div>\n<div>\n<p>&nbsp;<\/p>\n<p><strong>Metodologia do curso<\/strong><\/p>\n<\/div>\n<div><\/div>\n<div>\n<ul>\n<li>O curso contar\u00e1 com 6<b>\u00a0Aulas, que s\u00e3o assistidas, por meio da internet, na plataforma de Ensino \u00e0 Dist\u00e2ncia (EAD) da Casa da Cr\u00edtica, sendo o acesso restrito aos alunos inscritos no curso. <\/b><\/li>\n<li><b>A primeira aula ser\u00e1 GRATUITA e transmitida AO VIVO, em tempo real e ONLINE, pela internet.\u00a0<\/b><\/li>\n<li>O EAD tamb\u00e9m conter\u00e1 materiais para leitura, feitura de exerc\u00edcios e participa\u00e7\u00e3o em f\u00f3rum de discuss\u00e3o.<\/li>\n<\/ul>\n<\/div>\n<p><strong><br \/>\nSobre o professor<\/strong><\/p>\n<p>Lincoln Haas Hein \u00e9 p\u00f3s-graduando em Arteterapia e professor particular de canto h\u00e1 dez anos.\u00a0Sua especialidade musical \u00e9 o canto gregoriano e a m\u00fasica lit\u00fargica e na arteterapia desenvolve pesquisa sobre os efeitos da m\u00fasica gregoriana na alma.\u00a0O professor tem profici\u00eancia nas artes visuais e no design gr\u00e1fico em raz\u00e3o dos cursos de gradua\u00e7\u00e3o em Artes gr\u00e1ficas pela UTFPR e pela forma\u00e7\u00e3o pedag\u00f3gica em educa\u00e7\u00e3o art\u00edstica pelo Claretiano, com \u00eanfase em ilustra\u00e7\u00e3o, pintura em aquarela, hist\u00f3ria da arte e an\u00e1lise semi\u00f3tica de imagens.\u00a0Em virtude do estudo do gregoriano e por interesse pessoal, Lincoln estudou muito, por conta pr\u00f3pria, o misticismo cat\u00f3lico e os aspectos filos\u00f3ficos, teol\u00f3gicos e psicol\u00f3gicos a ele relacionados.\u00a0Cantor h\u00e1 19 anos na par\u00f3quia Santu\u00e1rio Sagrado Cora\u00e7\u00e3o de Jesus. Estuda o repert\u00f3rio gregoriano desde 2007.\u00a0Foi regente auxiliar do coro gregoriano da Igreja da Ordem em Curitiba sob orienta\u00e7\u00e3o da maestrina Maria Madalena Wagner e participou por um ano do coro gregoriano Cantus Libere sob orienta\u00e7\u00e3o de Paulo Valente.<\/p>\n<p>Tem conhecimentos de semiologia e paleografia musical gregoriana e participa de um n\u00facleo de estudos informal de gregoriano coordenado por Maria Madalena Wagner. Trabalha com composi\u00e7\u00e3o e arranjo de melodias gregorianas para a l\u00edngua portuguesa. Frequentou a banda musical na inf\u00e2ncia por cinco anos tocando clarinete sob orienta\u00e7\u00e3o de Fabr\u00edcio Dalla Vechia, participou do coral da UTFPR por cinco anos sob orienta\u00e7\u00e3o do maestro Silas Viana e da maestrina Renee Rebelo. Fez aulas particulares de piano e canto l\u00edrico sob orienta\u00e7\u00e3o de Carlos Alessandro Branco, aulas particulares de flauta doce sob orienta\u00e7\u00e3o de Maur\u00edcio Welupek. Participou duas vezes da oficina de m\u00fasica de Curitiba no curso de reg\u00eancia coral e no grande coro sob orienta\u00e7\u00e3o de Mara Campos e L\u00facia Passos. Participou uma vez no curso de reg\u00eancia de coro infanto-juvenil sob orienta\u00e7\u00e3o de Ana Yara Campos. Atualmente estuda piano com Daniel Cardoso Junior.<\/p>\n<p><strong><br \/>\nPrograma\u00e7\u00e3o<\/strong><\/p>\n<p><strong><br \/>\n<\/strong><a href=\"https:\/\/casadacritica.com.br\/site\/wp-content\/uploads\/2019\/04\/MINUCURSO-MUSICA-CRONOGRAMA.png\"><img decoding=\"async\" class=\"wp-image-2634 aligncenter\" src=\"https:\/\/casadacritica.com.br\/site\/wp-content\/uploads\/2019\/04\/MINUCURSO-MUSICA-CRONOGRAMA-300x212.png\" alt=\"\" width=\"631\" height=\"446\" srcset=\"https:\/\/casadacritica.com.br\/site\/wp-content\/uploads\/2019\/04\/MINUCURSO-MUSICA-CRONOGRAMA-300x212.png 300w, https:\/\/casadacritica.com.br\/site\/wp-content\/uploads\/2019\/04\/MINUCURSO-MUSICA-CRONOGRAMA-768x543.png 768w, https:\/\/casadacritica.com.br\/site\/wp-content\/uploads\/2019\/04\/MINUCURSO-MUSICA-CRONOGRAMA-1024x724.png 1024w, https:\/\/casadacritica.com.br\/site\/wp-content\/uploads\/2019\/04\/MINUCURSO-MUSICA-CRONOGRAMA.png 1123w\" sizes=\"(max-width: 631px) 100vw, 631px\" \/><\/a><\/p>\n<p>&nbsp;<\/p>\n<p style=\"text-align: center;\"><strong>Se voc\u00ea n\u00e3o conseguiu assistir ou quer rever, clique no bot\u00e3o abaixo e se inscreva para assistir ao replay da 1a. aula GRATUITA.<br \/>\nNeste bot\u00e3o tamb\u00e9m \u00e9 poss\u00edvel baixar seu <span style=\"color: #ff0000;\">E-flyer<\/span>!<\/strong><\/p>\n<p style=\"text-align: center;\"><strong>N\u00e3o perca esta chance!!!<\/strong><\/p>\n<p><a href=\"https:\/\/casadacritica.com.br\/site\/inscricao-para-assistir-ao-replay-da-1a-aula-do-curso-de-historia-da-musica-erudita-ocidental-erudita\/\"><img decoding=\"async\" class=\"wp-image-1471 aligncenter\" src=\"https:\/\/casadacritica.com.br\/site\/wp-content\/uploads\/2018\/10\/botao-assista-1a-aula-gratuita-grande-300x51.jpg\" alt=\"\" width=\"406\" height=\"69\" srcset=\"https:\/\/casadacritica.com.br\/site\/wp-content\/uploads\/2018\/10\/botao-assista-1a-aula-gratuita-grande-300x51.jpg 300w, https:\/\/casadacritica.com.br\/site\/wp-content\/uploads\/2018\/10\/botao-assista-1a-aula-gratuita-grande.jpg 350w\" sizes=\"(max-width: 406px) 100vw, 406px\" \/><\/a><\/p>\n<p>&nbsp;<\/p>\n<h2 style=\"text-align: center;\"><\/h2>\n<p>&nbsp;<\/p>\n<h2 style=\"text-align: center;\"><span style=\"color: #ff0000;\">INSCRI\u00c7\u00d5ES ABERTAS<\/span><\/h2>\n<h3 style=\"text-align: center;\"><span style=\"color: #ff0000;\"><strong>Valor do curso:\u00a0 R$ 120,00\u00a0 <\/strong><\/span><\/h3>\n<p><a href=\"https:\/\/pag.ae\/7V2NWcWB1\" target=\"_blank\" rel=\"noopener\"><img loading=\"lazy\" decoding=\"async\" class=\"size-full wp-image-1472 aligncenter\" src=\"https:\/\/casadacritica.com.br\/site\/wp-content\/uploads\/2018\/10\/botao-participe-compre-agora.jpg\" alt=\"\" width=\"400\" height=\"60\" srcset=\"https:\/\/casadacritica.com.br\/site\/wp-content\/uploads\/2018\/10\/botao-participe-compre-agora.jpg 400w, https:\/\/casadacritica.com.br\/site\/wp-content\/uploads\/2018\/10\/botao-participe-compre-agora-300x45.jpg 300w\" sizes=\"(max-width: 400px) 100vw, 400px\" \/><\/a><\/p>\n<p>&nbsp;<\/p>\n<p>&nbsp;<\/p>\n<hr \/>\n<p>Todos direitos s\u00e3o reservados e protegidos para Casa da Cr\u00edtica, sendo permitida a reprodu\u00e7\u00e3o dos conte\u00fados desde que seja citada a autoria e mantida a integralidade dos textos.<\/p>\n","protected":false},"excerpt":{"rendered":"<p>Cursos &nbsp; MINICURSO: HIST\u00d3RIA DA M\u00daSICA ERUDITA OCIDENTAL Professor: Linconl Haas Hein &nbsp; Para quem o curso \u00e9 aplic\u00e1vel ? Este curso \u00e9 dirigido para m\u00fasicos, apreciadores das artes e a todos que buscam DESENVOLVIMENTO e INTEGRA\u00c7\u00c3O DE PERSONALIDADE. &nbsp; Introdu\u00e7\u00e3o \u00e0 M\u00fasica Erudita Ocidental Falar em m\u00fasica cl\u00e1ssica e em m\u00fasica erudita \u00e9 tocar [&hellip;]<\/p>\n","protected":false},"author":2,"featured_media":0,"parent":0,"menu_order":0,"comment_status":"open","ping_status":"closed","template":"","meta":{"footnotes":""},"class_list":["post-2553","page","type-page","status-publish","hentry"],"_links":{"self":[{"href":"https:\/\/casadacritica.com.br\/site\/wp-json\/wp\/v2\/pages\/2553","targetHints":{"allow":["GET"]}}],"collection":[{"href":"https:\/\/casadacritica.com.br\/site\/wp-json\/wp\/v2\/pages"}],"about":[{"href":"https:\/\/casadacritica.com.br\/site\/wp-json\/wp\/v2\/types\/page"}],"author":[{"embeddable":true,"href":"https:\/\/casadacritica.com.br\/site\/wp-json\/wp\/v2\/users\/2"}],"replies":[{"embeddable":true,"href":"https:\/\/casadacritica.com.br\/site\/wp-json\/wp\/v2\/comments?post=2553"}],"version-history":[{"count":23,"href":"https:\/\/casadacritica.com.br\/site\/wp-json\/wp\/v2\/pages\/2553\/revisions"}],"predecessor-version":[{"id":2575,"href":"https:\/\/casadacritica.com.br\/site\/wp-json\/wp\/v2\/pages\/2553\/revisions\/2575"}],"wp:attachment":[{"href":"https:\/\/casadacritica.com.br\/site\/wp-json\/wp\/v2\/media?parent=2553"}],"curies":[{"name":"wp","href":"https:\/\/api.w.org\/{rel}","templated":true}]}}