{"id":2488,"date":"2019-04-01T14:55:26","date_gmt":"2019-04-01T14:55:26","guid":{"rendered":"https:\/\/casadacritica.com.br\/site\/?page_id=2488"},"modified":"2019-04-01T14:55:26","modified_gmt":"2019-04-01T14:55:26","slug":"curso-de-introducao-a-neurociencia-aula-01","status":"publish","type":"page","link":"https:\/\/casadacritica.com.br\/site\/curso-de-introducao-a-neurociencia-aula-01\/","title":{"rendered":"Curso de Introdu\u00e7\u00e3o \u00e0 Neuroci\u00eancia &#8211; Aula 01"},"content":{"rendered":"<p>&nbsp;<\/p>\n<p><iframe src=\"https:\/\/player.vimeo.com\/video\/326942826\" width=\"640\" height=\"360\" frameborder=\"0\" allowfullscreen=\"allowfullscreen\"><\/iframe><\/p>\n","protected":false},"excerpt":{"rendered":"<p>&nbsp;<\/p>\n","protected":false},"author":2,"featured_media":0,"parent":0,"menu_order":0,"comment_status":"open","ping_status":"closed","template":"","meta":{"footnotes":""},"class_list":["post-2488","page","type-page","status-publish","hentry"],"_links":{"self":[{"href":"https:\/\/casadacritica.com.br\/site\/wp-json\/wp\/v2\/pages\/2488","targetHints":{"allow":["GET"]}}],"collection":[{"href":"https:\/\/casadacritica.com.br\/site\/wp-json\/wp\/v2\/pages"}],"about":[{"href":"https:\/\/casadacritica.com.br\/site\/wp-json\/wp\/v2\/types\/page"}],"author":[{"embeddable":true,"href":"https:\/\/casadacritica.com.br\/site\/wp-json\/wp\/v2\/users\/2"}],"replies":[{"embeddable":true,"href":"https:\/\/casadacritica.com.br\/site\/wp-json\/wp\/v2\/comments?post=2488"}],"version-history":[{"count":1,"href":"https:\/\/casadacritica.com.br\/site\/wp-json\/wp\/v2\/pages\/2488\/revisions"}],"predecessor-version":[{"id":2489,"href":"https:\/\/casadacritica.com.br\/site\/wp-json\/wp\/v2\/pages\/2488\/revisions\/2489"}],"wp:attachment":[{"href":"https:\/\/casadacritica.com.br\/site\/wp-json\/wp\/v2\/media?parent=2488"}],"curies":[{"name":"wp","href":"https:\/\/api.w.org\/{rel}","templated":true}]}}