{"id":1552,"date":"2018-12-05T15:16:24","date_gmt":"2018-12-05T15:16:24","guid":{"rendered":"https:\/\/casadacritica.com.br\/site\/?page_id=1552"},"modified":"2018-12-05T16:00:34","modified_gmt":"2018-12-05T16:00:34","slug":"entrevista-educacao-musical-lincoln-haas-hein","status":"publish","type":"page","link":"https:\/\/casadacritica.com.br\/site\/entrevista-educacao-musical-lincoln-haas-hein\/","title":{"rendered":"Entrevista &#8211; Educa\u00e7\u00e3o Musical &#8211; Lincoln Haas Hein"},"content":{"rendered":"<p>&nbsp;<\/p>\n<p><iframe src=\"https:\/\/player.vimeo.com\/video\/304617402\" width=\"640\" height=\"480\" frameborder=\"0\" allowfullscreen=\"allowfullscreen\"><\/iframe><\/p>\n<p>&nbsp;<\/p>\n<hr \/>\n<p>Todos direitos s\u00e3o reservados e protegidos para Casa da Cr\u00edtica, sendo permitida a reprodu\u00e7\u00e3o dos conte\u00fados desde que seja citada a autoria e mantida a integralidade dos textos.<\/p>\n<p>&nbsp;<\/p>\n<div id=\"websigner_softplan_com_br\" class=\"websigner_softplan_com_br\" style=\"display: none;\"><\/div>\n<div id=\"websigner_softplan_com_br\" class=\"websigner_softplan_com_br\" style=\"display: none;\"><\/div>\n<div id=\"websigner_softplan_com_br\" class=\"websigner_softplan_com_br\" style=\"display: none;\"><\/div>\n<div id=\"websigner_softplan_com_br\" class=\"websigner_softplan_com_br\" style=\"display: none;\"><\/div>\n","protected":false},"excerpt":{"rendered":"<p>&nbsp; &nbsp; Todos direitos s\u00e3o reservados e protegidos para Casa da Cr\u00edtica, sendo permitida a reprodu\u00e7\u00e3o dos conte\u00fados desde que seja citada a autoria e mantida a integralidade dos textos. &nbsp;<\/p>\n","protected":false},"author":1,"featured_media":0,"parent":0,"menu_order":0,"comment_status":"open","ping_status":"closed","template":"","meta":{"footnotes":""},"class_list":["post-1552","page","type-page","status-publish","hentry"],"_links":{"self":[{"href":"https:\/\/casadacritica.com.br\/site\/wp-json\/wp\/v2\/pages\/1552","targetHints":{"allow":["GET"]}}],"collection":[{"href":"https:\/\/casadacritica.com.br\/site\/wp-json\/wp\/v2\/pages"}],"about":[{"href":"https:\/\/casadacritica.com.br\/site\/wp-json\/wp\/v2\/types\/page"}],"author":[{"embeddable":true,"href":"https:\/\/casadacritica.com.br\/site\/wp-json\/wp\/v2\/users\/1"}],"replies":[{"embeddable":true,"href":"https:\/\/casadacritica.com.br\/site\/wp-json\/wp\/v2\/comments?post=1552"}],"version-history":[{"count":4,"href":"https:\/\/casadacritica.com.br\/site\/wp-json\/wp\/v2\/pages\/1552\/revisions"}],"predecessor-version":[{"id":1560,"href":"https:\/\/casadacritica.com.br\/site\/wp-json\/wp\/v2\/pages\/1552\/revisions\/1560"}],"wp:attachment":[{"href":"https:\/\/casadacritica.com.br\/site\/wp-json\/wp\/v2\/media?parent=1552"}],"curies":[{"name":"wp","href":"https:\/\/api.w.org\/{rel}","templated":true}]}}