{"id":1526,"date":"2018-11-06T12:30:36","date_gmt":"2018-11-06T12:30:36","guid":{"rendered":"https:\/\/casadacritica.com.br\/site\/?page_id=1526"},"modified":"2020-02-03T18:36:27","modified_gmt":"2020-02-03T18:36:27","slug":"desamor-e-timidez","status":"publish","type":"page","link":"https:\/\/casadacritica.com.br\/site\/desamor-e-timidez\/","title":{"rendered":"(Des)Amor e Timidez"},"content":{"rendered":"<p style=\"text-align: center;\"><a href=\"https:\/\/casadacritica.com.br\/site\/wp-content\/uploads\/2019\/03\/Desamor-e-timidez.png\"><img fetchpriority=\"high\" decoding=\"async\" class=\"aligncenter wp-image-2029\" src=\"https:\/\/casadacritica.com.br\/site\/wp-content\/uploads\/2019\/03\/Desamor-e-timidez-300x199.png\" alt=\"\" width=\"2000\" height=\"1329\" srcset=\"https:\/\/casadacritica.com.br\/site\/wp-content\/uploads\/2019\/03\/Desamor-e-timidez-300x199.png 300w, https:\/\/casadacritica.com.br\/site\/wp-content\/uploads\/2019\/03\/Desamor-e-timidez.png 700w\" sizes=\"(max-width: 2000px) 100vw, 2000px\" \/><\/a><\/p>\n<p><strong>Autor:<\/strong> Vicente do Prado Tolezano<br \/>\n06\/11\/2018<\/p>\n<p>Revestido de raz\u00e3o estava o psiquiatra carioca Italo Marsili quando asseverou que \u201c<strong><em>s\u00f3 os ego\u00edstas s\u00e3o t\u00edmidos<\/em><\/strong>\u201d e que s\u00f3 se supera a timidez superando o egocentrismo.<\/p>\n<p>As afirma\u00e7\u00f5es retro tendem a impactar, pois h\u00e1 um senso intuitivo grosseiro de dar \u201csimpatia\u201d ou comisera\u00e7\u00e3o ao t\u00edmido, o envergonhado cr\u00f4nico de suas a\u00e7\u00f5es, muitas vezes at\u00e9 com uma, tamb\u00e9m grosseira, associa\u00e7\u00e3o de que t\u00edmidos seriam necessariamente gentis.<\/p>\n<p>\u00c9 \u00f3bvio que este artigo n\u00e3o tem em vista a situa\u00e7\u00e3o de crian\u00e7as, seres para os quais a timidez e outras express\u00f5es eg\u00f3icas s\u00e3o recursos naturais, pois t\u00eam que viver \u201centre gigantes\u201d e n\u00e3o t\u00eam dom\u00ednio da polifonia dos seus EUs consciente e aparente. Ali\u00e1s, mais basal que isto, o pr\u00f3prio discernimento entre autopercep\u00e7\u00e3o e auto proje\u00e7\u00e3o n\u00e3o \u00e9 alcan\u00e7ado pelos \u201cmi\u00fados\u201d.<\/p>\n<p>A rigor, toda forma de ego\u00edsmo \u2013 n\u00e3o apenas a timidez \u2013 \u00e9 inaceit\u00e1vel de adultos, ou seja, daqueles que \u201cdeveriam ter maturado\u201d. O fato de que a maioria dos adultos \u00e9 ego\u00edsta (imatura) n\u00e3o faz disso natural, apenas mostra epidemia de doen\u00e7a d`alma.<\/p>\n<p>Ego \u00e9 um falso centro, produto de uma tens\u00e3o do par instintivo prim\u00e1rio de luta e fuga, como um padr\u00e3o (comportamento) REATIVO \u00e0s circunst\u00e2ncias sociais. A nossa matura\u00e7\u00e3o se d\u00e1 com a mitiga\u00e7\u00e3o dos instintos para o protagonismo da CONSCI\u00caNCIA\/AMOROSIDADE, que tem \u00edndole (atitude) ATIVA perante o resto do mundo, com maior clareza do EU pr\u00f3prio, n\u00e3o das meras apar\u00eancias egoicas.<\/p>\n<p>Quem, de modo geral, est\u00e1 \u201clutando\u201d ou \u201cfugindo\u201d evidentemente se p\u00f5e no centro do mundo, pois \u00e9 contra o mundo que luta e \u00e9 dele que foge e a\u00ed a \u201cINSANIDADE\u201d da timidez. Na medida em que o t\u00edmido tem excessiva vergonha de fazer qualquer coisa, se ocupe bastante com a aprecia\u00e7\u00e3o alheia, tema com cr\u00edticas, etc&#8230;, ELE PROJETA EM SI UM VALOR QUE N\u00c3O TEM, QUE \u00c9 O DE SER O \u201cCENTRO DA ATEN\u00c7\u00c3O DO MUNDO\u201d.<\/p>\n<p>Dentro de toda casa da TIMIDEZ hospeda-se ORGULHO, mesmo que inconscientemente.<\/p>\n<p>\u00c9 s\u00f3 o desenvolvimento sucessivo da CONSCI\u00caNCIA que dissipa egos, sepultando sucessivas mir\u00edades de falsos EUs, at\u00e9 que a pessoa se torne de CAR\u00c1TER AMOROSO, patamar a partir do qual n\u00e3o apenas a pessoa n\u00e3o se projeta como CENTRO DA ATEN\u00c7\u00c3O DO MUNDO, mas mesmo percebe que talvez \u201cnem caiba no mundo\u201d, sen\u00e3o, claro, para servir.<\/p>\n<p>Ao cabo, o amoroso tende a se sublimar e o ego\u00edsta \u2013 t\u00edmido inclu\u00eddo &#8211; a se coagular. O t\u00edmido \u00e9 forte candidato a ocupar assento, ao menos, no tipo de car\u00e1ter PARASIT\u00c1RIO, podendo at\u00e9 piorar para o car\u00e1ter DESTRUIDOR<a href=\"https:\/\/mail.google.com\/mail\/u\/0\/#m_2629765746265679479__ftn1\"><sup>[1]<\/sup><\/a>.<\/p>\n<p>Por vezes \u00e9 muito f\u00e1cil reconhecer um t\u00edmido e, por vezes,\u00a0\u00e9 muito dif\u00edcil o fazer, eis que, como dito, timidez \u00e9 quest\u00e3o de CAR\u00c1TER (o padr\u00e3o ativo, impulsionado no interior do EU) e n\u00e3o de TEMPERAMENTO.<\/p>\n<p>Nesse sentido, o s\u00f3 fato de algu\u00e9m ser RETRA\u00cdDO, RESERVADO, DISCRETO, etc&#8230;, n\u00e3o tem a ver com TIMIDEZ necessariamente, pois podem cuidar de meros tra\u00e7os temperamentais sem que esse algu\u00e9m necessariamente esteja numa insana proje\u00e7\u00e3o interior de que seu Eu, de alguma forma seja centro de aten\u00e7\u00f5es, al\u00e9m do que razoavelmente seja (superlativamente muito pouco!).<\/p>\n<p>O pr\u00f3prio oposto, como um EXIBICIONISMO, pode se dar em decorr\u00eancia de um car\u00e1ter t\u00edmido, vazado pela vertente da \u201cluta\u201d ou inv\u00e9s da \u201cfuga\u201d, mais frequente. Na \u201cluta\u201d, o t\u00edmido parece que n\u00e3o \u00e9 t\u00edmido, mas, sai destru\u00eddo ao cabo dela.<\/p>\n<p>A terapia ao t\u00edmido \u2013 e como n\u00e3o poderia ser diferente &#8211; \u00e9 a mesma aos demais Ego\u00edstas: POR O OUTRO NO CENTRO DAS ATEN\u00c7\u00d5ES, ou seja, AMAR. Tudo sin\u00f4nimo de \u201csair de si\u201d, como \u201csair do falso eu\u201d.<\/p>\n<p>Pensa em um exemplo vivaz, de como um t\u00edmido se comporta ao palestrar perante muitas pessoas. Imagina-o olhando para si, com reflexo de como as pessoas lhe v\u00e3o ver, com um espelho, uma tela e o processo coagulante que lhe vai passar. Imagina-o, agora, sem nenhum recurso de reflexo de imagem e sim se esfor\u00e7ando em ver o audit\u00f3rio, em entender \u00e0s pessoas que o assistem e se orientar a RESOLVER O PROBLEMA DELAS. Parece claro que a coagula\u00e7\u00e3o ser\u00e1 trocada por sublima\u00e7\u00e3o.<\/p>\n<p>\u00d3 t\u00edmido, ponha-te\/empreenda, muitas vezes em prol e\/ou cuidados alheios, que, passo a passo, assumes outro car\u00e1ter, vencendo o tipos de car\u00e1ter de ACOMODA\u00c7\u00c3O eg\u00f3ica, de fraqueza, at\u00e9 um ponto em que fique sem at\u00e9 \u201clembrar\u201d da quest\u00e3o de se tens algum centro no mundo, al\u00e9m, claro, do mui minimamente razo\u00e1vel. Sem meias palavras: teu problema \u00e9 que \u00e9s ego\u00edsta-orgulhoso.<\/p>\n<p>Amor \u00e9 sempre decis\u00e3o\/iniciativa de produ\u00e7\u00e3o, categoria de a\u00e7\u00e3o, jamais de paix\u00e3o. Para adultos, padr\u00e3o de ego \u00e9 sempre falta de decis\u00e3o. Uma caracter\u00edstica da decis\u00e3o\/iniciativa \u00e9 que, a cada uma decis\u00e3o\/iniciativa tomada, a subsequente ser\u00e1 mais f\u00e1cil \u2013 o car\u00e1ter progressivo do ser.<\/p>\n<p>\u00c9 evidente que \u00e9 devido ACOLHER\/ACEITAR a pessoa do t\u00edmido, MAS n\u00e3o \u00e9 devido \u2013 e tal tamb\u00e9m vale \u00e0s demais express\u00f5es eg\u00f3icas \u2013 APROVAR a timidez de adultos de idade.<\/p>\n<p><a href=\"https:\/\/mail.google.com\/mail\/u\/0\/#m_2629765746265679479__ftnref1\"><sup>[1]<\/sup><\/a>\u00a0A quem se interessar nos tipos de PRODUTIVIDADE DE CAR\u00c1TER, vide nosso artigo AMOR TEMPERAMENTO E CAR\u00c1TER:\u00a0<a href=\"http:\/\/casadacritica.com.br\/site\/amor-temperamento-e-carater\/\">http:\/\/casadacritica.com.br\/site\/amor-temperamento-e-carater\/<\/a><\/p>\n<hr \/>\n<p style=\"text-align: center;\">Voc\u00ea quer se manter informado com as novidades da Casa da Cr\u00edtica e receber nossa Newsletter?<\/p>\n<p style=\"text-align: center;\">Cadastre-se agora e fique sempre atualizado!<\/p>\n<p><a href=\"https:\/\/casadacritica.com.br\/site\/cadastre-se-para-receber-newsletter\/\"><img decoding=\"async\" class=\"size-medium wp-image-1330 aligncenter\" src=\"https:\/\/casadacritica.com.br\/site\/wp-content\/uploads\/2018\/09\/newsletter-300x50.jpg\" alt=\"\" width=\"300\" height=\"50\" \/><\/a><\/p>\n<hr \/>\n<p>Todos os direitos s\u00e3o reservados e protegidos para Casa da Cr\u00edtica, sendo permitida a reprodu\u00e7\u00e3o dos conte\u00fados desde que seja citada a autoria e mantida a integralidade dos textos.<\/p>\n","protected":false},"excerpt":{"rendered":"<p>Autor: Vicente do Prado Tolezano 06\/11\/2018 Revestido de raz\u00e3o estava o psiquiatra carioca Italo Marsili quando asseverou que \u201cs\u00f3 os ego\u00edstas s\u00e3o t\u00edmidos\u201d e que s\u00f3 se supera a timidez superando o egocentrismo. As afirma\u00e7\u00f5es retro tendem a impactar, pois h\u00e1 um senso intuitivo grosseiro de dar \u201csimpatia\u201d ou comisera\u00e7\u00e3o ao t\u00edmido, o envergonhado cr\u00f4nico [&hellip;]<\/p>\n","protected":false},"author":2,"featured_media":2029,"parent":0,"menu_order":0,"comment_status":"open","ping_status":"closed","template":"","meta":{"footnotes":""},"class_list":["post-1526","page","type-page","status-publish","has-post-thumbnail","hentry"],"_links":{"self":[{"href":"https:\/\/casadacritica.com.br\/site\/wp-json\/wp\/v2\/pages\/1526","targetHints":{"allow":["GET"]}}],"collection":[{"href":"https:\/\/casadacritica.com.br\/site\/wp-json\/wp\/v2\/pages"}],"about":[{"href":"https:\/\/casadacritica.com.br\/site\/wp-json\/wp\/v2\/types\/page"}],"author":[{"embeddable":true,"href":"https:\/\/casadacritica.com.br\/site\/wp-json\/wp\/v2\/users\/2"}],"replies":[{"embeddable":true,"href":"https:\/\/casadacritica.com.br\/site\/wp-json\/wp\/v2\/comments?post=1526"}],"version-history":[{"count":5,"href":"https:\/\/casadacritica.com.br\/site\/wp-json\/wp\/v2\/pages\/1526\/revisions"}],"predecessor-version":[{"id":7392,"href":"https:\/\/casadacritica.com.br\/site\/wp-json\/wp\/v2\/pages\/1526\/revisions\/7392"}],"wp:featuredmedia":[{"embeddable":true,"href":"https:\/\/casadacritica.com.br\/site\/wp-json\/wp\/v2\/media\/2029"}],"wp:attachment":[{"href":"https:\/\/casadacritica.com.br\/site\/wp-json\/wp\/v2\/media?parent=1526"}],"curies":[{"name":"wp","href":"https:\/\/api.w.org\/{rel}","templated":true}]}}