{"id":149,"date":"2018-05-19T23:07:23","date_gmt":"2018-05-19T23:07:23","guid":{"rendered":"http:\/\/casadacritica.com.br\/site\/?page_id=149"},"modified":"2022-09-22T17:49:38","modified_gmt":"2022-09-22T20:49:38","slug":"cursos-2","status":"publish","type":"page","link":"https:\/\/casadacritica.com.br\/site\/cursos-2\/","title":{"rendered":"Cursos e Masterclasses"},"content":{"rendered":"\t\t<div data-elementor-type=\"wp-post\" data-elementor-id=\"149\" class=\"elementor elementor-149\" data-elementor-post-type=\"page\">\n\t\t\t\t\t\t<section class=\"elementor-section elementor-top-section elementor-element elementor-element-c691963 elementor-reverse-mobile elementor-section-stretched elementor-section-boxed elementor-section-height-default elementor-section-height-default\" data-id=\"c691963\" data-element_type=\"section\" data-settings=\"{&quot;background_background&quot;:&quot;gradient&quot;,&quot;stretch_section&quot;:&quot;section-stretched&quot;,&quot;shape_divider_top&quot;:&quot;wave-brush&quot;}\">\n\t\t\t\t\t<div class=\"elementor-shape elementor-shape-top\" aria-hidden=\"true\" data-negative=\"false\">\n\t\t\t<svg xmlns=\"http:\/\/www.w3.org\/2000\/svg\" viewBox=\"0 0 283.5 27.8\" preserveAspectRatio=\"none\">\n\t<path class=\"elementor-shape-fill\" d=\"M283.5,9.7c0,0-7.3,4.3-14,4.6c-6.8,0.3-12.6,0-20.9-1.5c-11.3-2-33.1-10.1-44.7-5.7\ts-12.1,4.6-18,7.4c-6.6,3.2-20,9.6-36.6,9.3C131.6,23.5,99.5,7.2,86.3,8c-1.4,0.1-6.6,0.8-10.5,2c-3.8,1.2-9.4,3.8-17,4.7\tc-3.2,0.4-8.3,1.1-14.2,0.9c-1.5-0.1-6.3-0.4-12-1.6c-5.7-1.2-11-3.1-15.8-3.7C6.5,9.2,0,10.8,0,10.8V0h283.5V9.7z M260.8,11.3\tc-0.7-1-2-0.4-4.3-0.4c-2.3,0-6.1-1.2-5.8-1.1c0.3,0.1,3.1,1.5,6,1.9C259.7,12.2,261.4,12.3,260.8,11.3z M242.4,8.6\tc0,0-2.4-0.2-5.6-0.9c-3.2-0.8-10.3-2.8-15.1-3.5c-8.2-1.1-15.8,0-15.1,0.1c0.8,0.1,9.6-0.6,17.6,1.1c3.3,0.7,9.3,2.2,12.4,2.7\tC239.9,8.7,242.4,8.6,242.4,8.6z M185.2,8.5c1.7-0.7-13.3,4.7-18.5,6.1c-2.1,0.6-6.2,1.6-10,2c-3.9,0.4-8.9,0.4-8.8,0.5\tc0,0.2,5.8,0.8,11.2,0c5.4-0.8,5.2-1.1,7.6-1.6C170.5,14.7,183.5,9.2,185.2,8.5z M199.1,6.9c0.2,0-0.8-0.4-4.8,1.1\tc-4,1.5-6.7,3.5-6.9,3.7c-0.2,0.1,3.5-1.8,6.6-3C197,7.5,199,6.9,199.1,6.9z M283,6c-0.1,0.1-1.9,1.1-4.8,2.5s-6.9,2.8-6.7,2.7\tc0.2,0,3.5-0.6,7.4-2.5C282.8,6.8,283.1,5.9,283,6z M31.3,11.6c0.1-0.2-1.9-0.2-4.5-1.2s-5.4-1.6-7.8-2C15,7.6,7.3,8.5,7.7,8.6\tC8,8.7,15.9,8.3,20.2,9.3c2.2,0.5,2.4,0.5,5.7,1.6S31.2,11.9,31.3,11.6z M73,9.2c0.4-0.1,3.5-1.6,8.4-2.6c4.9-1.1,8.9-0.5,8.9-0.8\tc0-0.3-1-0.9-6.2-0.3S72.6,9.3,73,9.2z M71.6,6.7C71.8,6.8,75,5.4,77.3,5c2.3-0.3,1.9-0.5,1.9-0.6c0-0.1-1.1-0.2-2.7,0.2\tC74.8,5.1,71.4,6.6,71.6,6.7z M93.6,4.4c0.1,0.2,3.5,0.8,5.6,1.8c2.1,1,1.8,0.6,1.9,0.5c0.1-0.1-0.8-0.8-2.4-1.3\tC97.1,4.8,93.5,4.2,93.6,4.4z M65.4,11.1c-0.1,0.3,0.3,0.5,1.9-0.2s2.6-1.3,2.2-1.2s-0.9,0.4-2.5,0.8C65.3,10.9,65.5,10.8,65.4,11.1\tz M34.5,12.4c-0.2,0,2.1,0.8,3.3,0.9c1.2,0.1,2,0.1,2-0.2c0-0.3-0.1-0.5-1.6-0.4C36.6,12.8,34.7,12.4,34.5,12.4z M152.2,21.1\tc-0.1,0.1-2.4-0.3-7.5-0.3c-5,0-13.6-2.4-17.2-3.5c-3.6-1.1,10,3.9,16.5,4.1C150.5,21.6,152.3,21,152.2,21.1z\"\/>\n\t<path class=\"elementor-shape-fill\" d=\"M269.6,18c-0.1-0.1-4.6,0.3-7.2,0c-7.3-0.7-17-3.2-16.6-2.9c0.4,0.3,13.7,3.1,17,3.3\tC267.7,18.8,269.7,18,269.6,18z\"\/>\n\t<path class=\"elementor-shape-fill\" d=\"M227.4,9.8c-0.2-0.1-4.5-1-9.5-1.2c-5-0.2-12.7,0.6-12.3,0.5c0.3-0.1,5.9-1.8,13.3-1.2\tS227.6,9.9,227.4,9.8z\"\/>\n\t<path class=\"elementor-shape-fill\" d=\"M204.5,13.4c-0.1-0.1,2-1,3.2-1.1c1.2-0.1,2,0,2,0.3c0,0.3-0.1,0.5-1.6,0.4\tC206.4,12.9,204.6,13.5,204.5,13.4z\"\/>\n\t<path class=\"elementor-shape-fill\" d=\"M201,10.6c0-0.1-4.4,1.2-6.3,2.2c-1.9,0.9-6.2,3.1-6.1,3.1c0.1,0.1,4.2-1.6,6.3-2.6\tS201,10.7,201,10.6z\"\/>\n\t<path class=\"elementor-shape-fill\" d=\"M154.5,26.7c-0.1-0.1-4.6,0.3-7.2,0c-7.3-0.7-17-3.2-16.6-2.9c0.4,0.3,13.7,3.1,17,3.3\tC152.6,27.5,154.6,26.8,154.5,26.7z\"\/>\n\t<path class=\"elementor-shape-fill\" d=\"M41.9,19.3c0,0,1.2-0.3,2.9-0.1c1.7,0.2,5.8,0.9,8.2,0.7c4.2-0.4,7.4-2.7,7-2.6\tc-0.4,0-4.3,2.2-8.6,1.9c-1.8-0.1-5.1-0.5-6.7-0.4S41.9,19.3,41.9,19.3z\"\/>\n\t<path class=\"elementor-shape-fill\" d=\"M75.5,12.6c0.2,0.1,2-0.8,4.3-1.1c2.3-0.2,2.1-0.3,2.1-0.5c0-0.1-1.8-0.4-3.4,0\tC76.9,11.5,75.3,12.5,75.5,12.6z\"\/>\n\t<path class=\"elementor-shape-fill\" d=\"M15.6,13.2c0-0.1,4.3,0,6.7,0.5c2.4,0.5,5,1.9,5,2c0,0.1-2.7-0.8-5.1-1.4\tC19.9,13.7,15.7,13.3,15.6,13.2z\"\/>\n<\/svg>\t\t<\/div>\n\t\t\t\t\t<div class=\"elementor-container elementor-column-gap-default\">\n\t\t\t\t\t<div class=\"elementor-column elementor-col-100 elementor-top-column elementor-element elementor-element-93626c4\" data-id=\"93626c4\" data-element_type=\"column\">\n\t\t\t<div class=\"elementor-widget-wrap elementor-element-populated\">\n\t\t\t\t\t\t<div class=\"elementor-element elementor-element-55472c0 elementor-widget elementor-widget-heading\" data-id=\"55472c0\" data-element_type=\"widget\" data-widget_type=\"heading.default\">\n\t\t\t\t<div class=\"elementor-widget-container\">\n\t\t\t\t\t<h2 class=\"elementor-heading-title elementor-size-default\">TODOS OS CURSOS<\/h2>\t\t\t\t<\/div>\n\t\t\t\t<\/div>\n\t\t\t\t<section class=\"elementor-section elementor-inner-section elementor-element elementor-element-ea8cd85 elementor-section-boxed elementor-section-height-default elementor-section-height-default\" data-id=\"ea8cd85\" data-element_type=\"section\">\n\t\t\t\t\t\t<div class=\"elementor-container elementor-column-gap-default\">\n\t\t\t\t\t<div class=\"elementor-column elementor-col-33 elementor-inner-column elementor-element elementor-element-cdbc16e\" data-id=\"cdbc16e\" data-element_type=\"column\">\n\t\t\t<div class=\"elementor-widget-wrap elementor-element-populated\">\n\t\t\t\t\t\t<div class=\"elementor-element elementor-element-2e655c1 elementor-widget elementor-widget-image\" data-id=\"2e655c1\" data-element_type=\"widget\" data-widget_type=\"image.default\">\n\t\t\t\t<div class=\"elementor-widget-container\">\n\t\t\t\t\t\t\t\t\t\t\t\t\t\t\t\t<a href=\"https:\/\/casadacritica.com.br\/site\/curso-trivium-turma-nova\/\" target=\"_blank\">\n\t\t\t\t\t\t\t<img fetchpriority=\"high\" decoding=\"async\" width=\"1024\" height=\"569\" src=\"https:\/\/casadacritica.com.br\/site\/wp-content\/uploads\/2021\/04\/C\u00f3pia-de-C\u00f3pia-de-Adicionar-um-subt\u00edtulo-1024x569.png\" class=\"attachment-large size-large wp-image-20045\" alt=\"\" srcset=\"https:\/\/casadacritica.com.br\/site\/wp-content\/uploads\/2021\/04\/C\u00f3pia-de-C\u00f3pia-de-Adicionar-um-subt\u00edtulo-1024x569.png 1024w, https:\/\/casadacritica.com.br\/site\/wp-content\/uploads\/2021\/04\/C\u00f3pia-de-C\u00f3pia-de-Adicionar-um-subt\u00edtulo-300x167.png 300w, https:\/\/casadacritica.com.br\/site\/wp-content\/uploads\/2021\/04\/C\u00f3pia-de-C\u00f3pia-de-Adicionar-um-subt\u00edtulo-768x427.png 768w, https:\/\/casadacritica.com.br\/site\/wp-content\/uploads\/2021\/04\/C\u00f3pia-de-C\u00f3pia-de-Adicionar-um-subt\u00edtulo-1536x854.png 1536w, https:\/\/casadacritica.com.br\/site\/wp-content\/uploads\/2021\/04\/C\u00f3pia-de-C\u00f3pia-de-Adicionar-um-subt\u00edtulo.png 1800w\" sizes=\"(max-width: 1024px) 100vw, 1024px\" \/>\t\t\t\t\t\t\t\t<\/a>\n\t\t\t\t\t\t\t\t\t\t\t\t\t\t\t<\/div>\n\t\t\t\t<\/div>\n\t\t\t\t\t<\/div>\n\t\t<\/div>\n\t\t\t\t<div class=\"elementor-column elementor-col-33 elementor-inner-column elementor-element elementor-element-206be46\" data-id=\"206be46\" data-element_type=\"column\">\n\t\t\t<div class=\"elementor-widget-wrap elementor-element-populated\">\n\t\t\t\t\t\t<div class=\"elementor-element elementor-element-1349603 elementor-widget elementor-widget-image\" data-id=\"1349603\" data-element_type=\"widget\" data-widget_type=\"image.default\">\n\t\t\t\t<div class=\"elementor-widget-container\">\n\t\t\t\t\t\t\t\t\t\t\t\t\t\t\t\t<a href=\"https:\/\/casadacritica.com.br\/site\/serieartedeamar\/\">\n\t\t\t\t\t\t\t<img decoding=\"async\" width=\"810\" height=\"450\" src=\"https:\/\/casadacritica.com.br\/site\/wp-content\/uploads\/2021\/04\/C\u00f3pia-de-C\u00f3pia-de-S\u00c9RIE-ARTE-DE-AMAR.png\" class=\"attachment-large size-large wp-image-19982\" alt=\"\" srcset=\"https:\/\/casadacritica.com.br\/site\/wp-content\/uploads\/2021\/04\/C\u00f3pia-de-C\u00f3pia-de-S\u00c9RIE-ARTE-DE-AMAR.png 810w, https:\/\/casadacritica.com.br\/site\/wp-content\/uploads\/2021\/04\/C\u00f3pia-de-C\u00f3pia-de-S\u00c9RIE-ARTE-DE-AMAR-300x167.png 300w, https:\/\/casadacritica.com.br\/site\/wp-content\/uploads\/2021\/04\/C\u00f3pia-de-C\u00f3pia-de-S\u00c9RIE-ARTE-DE-AMAR-768x427.png 768w\" sizes=\"(max-width: 810px) 100vw, 810px\" \/>\t\t\t\t\t\t\t\t<\/a>\n\t\t\t\t\t\t\t\t\t\t\t\t\t\t\t<\/div>\n\t\t\t\t<\/div>\n\t\t\t\t\t<\/div>\n\t\t<\/div>\n\t\t\t\t<div class=\"elementor-column elementor-col-33 elementor-inner-column elementor-element elementor-element-6146b04\" data-id=\"6146b04\" data-element_type=\"column\">\n\t\t\t<div class=\"elementor-widget-wrap elementor-element-populated\">\n\t\t\t\t\t\t<div class=\"elementor-element elementor-element-b2c90a1 elementor-widget elementor-widget-image\" data-id=\"b2c90a1\" data-element_type=\"widget\" data-widget_type=\"image.default\">\n\t\t\t\t<div class=\"elementor-widget-container\">\n\t\t\t\t\t\t\t\t\t\t\t\t\t\t\t\t<a href=\"https:\/\/casadacritica.com.br\/site\/seriecontosbrasileiros\/\" target=\"_blank\">\n\t\t\t\t\t\t\t<img decoding=\"async\" width=\"810\" height=\"450\" src=\"https:\/\/casadacritica.com.br\/site\/wp-content\/uploads\/2022\/09\/Inserir-um-subtitulo-21.png\" class=\"attachment-large size-large wp-image-23515\" alt=\"\" srcset=\"https:\/\/casadacritica.com.br\/site\/wp-content\/uploads\/2022\/09\/Inserir-um-subtitulo-21.png 810w, https:\/\/casadacritica.com.br\/site\/wp-content\/uploads\/2022\/09\/Inserir-um-subtitulo-21-300x167.png 300w, https:\/\/casadacritica.com.br\/site\/wp-content\/uploads\/2022\/09\/Inserir-um-subtitulo-21-768x427.png 768w\" sizes=\"(max-width: 810px) 100vw, 810px\" \/>\t\t\t\t\t\t\t\t<\/a>\n\t\t\t\t\t\t\t\t\t\t\t\t\t\t\t<\/div>\n\t\t\t\t<\/div>\n\t\t\t\t\t<\/div>\n\t\t<\/div>\n\t\t\t\t\t<\/div>\n\t\t<\/section>\n\t\t\t\t\t<\/div>\n\t\t<\/div>\n\t\t\t\t\t<\/div>\n\t\t<\/section>\n\t\t\t\t<section class=\"elementor-section elementor-top-section elementor-element elementor-element-12aa247 elementor-section-stretched elementor-section-boxed elementor-section-height-default elementor-section-height-default\" data-id=\"12aa247\" data-element_type=\"section\" data-settings=\"{&quot;stretch_section&quot;:&quot;section-stretched&quot;,&quot;background_background&quot;:&quot;classic&quot;}\">\n\t\t\t\t\t\t<div class=\"elementor-container elementor-column-gap-wide\">\n\t\t\t\t\t<div class=\"elementor-column elementor-col-100 elementor-top-column elementor-element elementor-element-c739434\" data-id=\"c739434\" data-element_type=\"column\">\n\t\t\t<div class=\"elementor-widget-wrap elementor-element-populated\">\n\t\t\t\t\t\t<section class=\"elementor-section elementor-inner-section elementor-element elementor-element-151d998 elementor-section-boxed elementor-section-height-default elementor-section-height-default\" data-id=\"151d998\" data-element_type=\"section\">\n\t\t\t\t\t\t<div class=\"elementor-container elementor-column-gap-default\">\n\t\t\t\t\t<div class=\"elementor-column elementor-col-33 elementor-inner-column elementor-element elementor-element-7c77b62\" data-id=\"7c77b62\" data-element_type=\"column\">\n\t\t\t<div class=\"elementor-widget-wrap elementor-element-populated\">\n\t\t\t\t\t\t<div class=\"elementor-element elementor-element-e28bccc elementor-widget elementor-widget-text-editor\" data-id=\"e28bccc\" data-element_type=\"widget\" data-widget_type=\"text-editor.default\">\n\t\t\t\t<div class=\"elementor-widget-container\">\n\t\t\t\t\t\t\t\t\t<p style=\"text-align: center;\"><a href=\"https:\/\/casadacritica.com.br\/site\/curso-de-comunicacao-empatica\/\" target=\"_blank\" rel=\"noopener\"><img loading=\"lazy\" decoding=\"async\" class=\"alignnone wp-image-22805 size-full\" src=\"https:\/\/casadacritica.com.br\/site\/wp-content\/uploads\/2022\/05\/Design-sem-nome-5.png\" alt=\"\" width=\"1920\" height=\"1080\" srcset=\"https:\/\/casadacritica.com.br\/site\/wp-content\/uploads\/2022\/05\/Design-sem-nome-5.png 1920w, https:\/\/casadacritica.com.br\/site\/wp-content\/uploads\/2022\/05\/Design-sem-nome-5-300x169.png 300w, https:\/\/casadacritica.com.br\/site\/wp-content\/uploads\/2022\/05\/Design-sem-nome-5-1024x576.png 1024w, https:\/\/casadacritica.com.br\/site\/wp-content\/uploads\/2022\/05\/Design-sem-nome-5-768x432.png 768w, https:\/\/casadacritica.com.br\/site\/wp-content\/uploads\/2022\/05\/Design-sem-nome-5-1536x864.png 1536w\" sizes=\"(max-width: 1920px) 100vw, 1920px\" \/><\/a><\/p><h4 style=\"text-align: center;\"><a href=\"https:\/\/casadacritica.com.br\/site\/curso-de-comunicacao-empatica\/\" target=\"_blank\" rel=\"noopener\"><span style=\"color: #ffffff;\">COMUNICA\u00c7\u00c3O EMP\u00c1TICA<\/span><\/a><\/h4>\t\t\t\t\t\t\t\t<\/div>\n\t\t\t\t<\/div>\n\t\t\t\t\t<\/div>\n\t\t<\/div>\n\t\t\t\t<div class=\"elementor-column elementor-col-33 elementor-inner-column elementor-element elementor-element-6f8cb35\" data-id=\"6f8cb35\" data-element_type=\"column\">\n\t\t\t<div class=\"elementor-widget-wrap elementor-element-populated\">\n\t\t\t\t\t\t<div class=\"elementor-element elementor-element-f60089d elementor-widget elementor-widget-image\" data-id=\"f60089d\" data-element_type=\"widget\" data-widget_type=\"image.default\">\n\t\t\t\t<div class=\"elementor-widget-container\">\n\t\t\t\t\t\t\t\t\t\t\t\t\t\t\t\t<a href=\"https:\/\/casadacritica.com.br\/site\/banquete-de-platao\/\">\n\t\t\t\t\t\t\t<img loading=\"lazy\" decoding=\"async\" width=\"810\" height=\"450\" src=\"https:\/\/casadacritica.com.br\/site\/wp-content\/uploads\/2021\/05\/APOLODORO-conta-a-GLAUCO-sobre-o-BANQUETE-que-houve-na-casa-de-AGAT\u00c3O-e-no-qual-S\u00d3CRATES-2.png\" class=\"attachment-large size-large wp-image-20230\" alt=\"\" srcset=\"https:\/\/casadacritica.com.br\/site\/wp-content\/uploads\/2021\/05\/APOLODORO-conta-a-GLAUCO-sobre-o-BANQUETE-que-houve-na-casa-de-AGAT\u00c3O-e-no-qual-S\u00d3CRATES-2.png 810w, https:\/\/casadacritica.com.br\/site\/wp-content\/uploads\/2021\/05\/APOLODORO-conta-a-GLAUCO-sobre-o-BANQUETE-que-houve-na-casa-de-AGAT\u00c3O-e-no-qual-S\u00d3CRATES-2-300x167.png 300w, https:\/\/casadacritica.com.br\/site\/wp-content\/uploads\/2021\/05\/APOLODORO-conta-a-GLAUCO-sobre-o-BANQUETE-que-houve-na-casa-de-AGAT\u00c3O-e-no-qual-S\u00d3CRATES-2-768x427.png 768w\" sizes=\"(max-width: 810px) 100vw, 810px\" \/>\t\t\t\t\t\t\t\t<\/a>\n\t\t\t\t\t\t\t\t\t\t\t\t\t\t\t<\/div>\n\t\t\t\t<\/div>\n\t\t\t\t\t<\/div>\n\t\t<\/div>\n\t\t\t\t<div class=\"elementor-column elementor-col-33 elementor-inner-column elementor-element elementor-element-8233dc6\" data-id=\"8233dc6\" data-element_type=\"column\">\n\t\t\t<div class=\"elementor-widget-wrap elementor-element-populated\">\n\t\t\t\t\t\t<div class=\"elementor-element elementor-element-ebfdecb elementor-widget elementor-widget-image\" data-id=\"ebfdecb\" data-element_type=\"widget\" data-widget_type=\"image.default\">\n\t\t\t\t<div class=\"elementor-widget-container\">\n\t\t\t\t\t\t\t\t\t\t\t\t\t\t\t\t<a href=\"https:\/\/casadacritica.com.br\/site\/serie-analfabetismo-funcional\/\" target=\"_blank\">\n\t\t\t\t\t\t\t<img loading=\"lazy\" decoding=\"async\" width=\"810\" height=\"450\" src=\"https:\/\/casadacritica.com.br\/site\/wp-content\/uploads\/2020\/12\/C\u00f3pia-de-C\u00f3pia-de-C\u00f3pia-de-C\u00f3pia-de-Idiotice-e-Imbecilidade-10.png\" class=\"attachment-large size-large wp-image-17200\" alt=\"\" srcset=\"https:\/\/casadacritica.com.br\/site\/wp-content\/uploads\/2020\/12\/C\u00f3pia-de-C\u00f3pia-de-C\u00f3pia-de-C\u00f3pia-de-Idiotice-e-Imbecilidade-10.png 810w, https:\/\/casadacritica.com.br\/site\/wp-content\/uploads\/2020\/12\/C\u00f3pia-de-C\u00f3pia-de-C\u00f3pia-de-C\u00f3pia-de-Idiotice-e-Imbecilidade-10-300x167.png 300w, https:\/\/casadacritica.com.br\/site\/wp-content\/uploads\/2020\/12\/C\u00f3pia-de-C\u00f3pia-de-C\u00f3pia-de-C\u00f3pia-de-Idiotice-e-Imbecilidade-10-768x427.png 768w\" sizes=\"(max-width: 810px) 100vw, 810px\" \/>\t\t\t\t\t\t\t\t<\/a>\n\t\t\t\t\t\t\t\t\t\t\t\t\t\t\t<\/div>\n\t\t\t\t<\/div>\n\t\t\t\t\t<\/div>\n\t\t<\/div>\n\t\t\t\t\t<\/div>\n\t\t<\/section>\n\t\t\t\t\t<\/div>\n\t\t<\/div>\n\t\t\t\t\t<\/div>\n\t\t<\/section>\n\t\t\t\t<section class=\"elementor-section elementor-top-section elementor-element elementor-element-5a02abf8 elementor-section-stretched elementor-section-height-min-height elementor-section-boxed elementor-section-height-default elementor-section-items-middle\" data-id=\"5a02abf8\" data-element_type=\"section\" data-settings=\"{&quot;stretch_section&quot;:&quot;section-stretched&quot;,&quot;background_background&quot;:&quot;gradient&quot;}\">\n\t\t\t\t\t\t<div class=\"elementor-container elementor-column-gap-wide\">\n\t\t\t\t\t<div class=\"elementor-column elementor-col-100 elementor-top-column elementor-element elementor-element-60342c77\" data-id=\"60342c77\" data-element_type=\"column\">\n\t\t\t<div class=\"elementor-widget-wrap elementor-element-populated\">\n\t\t\t\t\t\t<section class=\"elementor-section elementor-inner-section elementor-element elementor-element-319344ac elementor-section-boxed elementor-section-height-default elementor-section-height-default\" data-id=\"319344ac\" data-element_type=\"section\">\n\t\t\t\t\t\t<div class=\"elementor-container elementor-column-gap-default\">\n\t\t\t\t\t<div class=\"elementor-column elementor-col-100 elementor-inner-column elementor-element elementor-element-7166688d\" data-id=\"7166688d\" data-element_type=\"column\">\n\t\t\t<div class=\"elementor-widget-wrap elementor-element-populated\">\n\t\t\t\t\t\t<div class=\"elementor-element elementor-element-4a575ac0 elementor-widget elementor-widget-text-editor\" data-id=\"4a575ac0\" data-element_type=\"widget\" data-widget_type=\"text-editor.default\">\n\t\t\t\t<div class=\"elementor-widget-container\">\n\t\t\t\t\t\t\t\t\t<h3 style=\"text-align: center;\"><span style=\"color: #000000;\"><a style=\"color: #000000;\" href=\"https:\/\/casadacritica.com.br\/site\/news-da-casa-da-critica\/\" target=\"_blank\" rel=\"noopener\"><strong>CADASTRE-SE AQUI NA\u00a0 NOSSA LISTA DE DISTRIBUI\u00c7\u00c3O<\/strong><\/a><\/span><\/h3>\t\t\t\t\t\t\t\t<\/div>\n\t\t\t\t<\/div>\n\t\t\t\t\t<\/div>\n\t\t<\/div>\n\t\t\t\t\t<\/div>\n\t\t<\/section>\n\t\t\t\t\t<\/div>\n\t\t<\/div>\n\t\t\t\t\t<\/div>\n\t\t<\/section>\n\t\t\t\t<section class=\"elementor-section elementor-top-section elementor-element elementor-element-68dd2b46 elementor-section-boxed elementor-section-height-default elementor-section-height-default\" data-id=\"68dd2b46\" data-element_type=\"section\">\n\t\t\t\t\t\t<div class=\"elementor-container elementor-column-gap-default\">\n\t\t\t\t\t<div class=\"elementor-column elementor-col-100 elementor-top-column elementor-element elementor-element-63b605a1\" data-id=\"63b605a1\" data-element_type=\"column\">\n\t\t\t<div class=\"elementor-widget-wrap elementor-element-populated\">\n\t\t\t\t\t\t<div class=\"elementor-element elementor-element-76586e68 elementor-widget-divider--view-line elementor-widget elementor-widget-divider\" data-id=\"76586e68\" data-element_type=\"widget\" data-widget_type=\"divider.default\">\n\t\t\t\t<div class=\"elementor-widget-container\">\n\t\t\t\t\t\t\t<div class=\"elementor-divider\">\n\t\t\t<span class=\"elementor-divider-separator\">\n\t\t\t\t\t\t<\/span>\n\t\t<\/div>\n\t\t\t\t\t\t<\/div>\n\t\t\t\t<\/div>\n\t\t\t\t\t<\/div>\n\t\t<\/div>\n\t\t\t\t\t<\/div>\n\t\t<\/section>\n\t\t\t\t<section class=\"elementor-section elementor-top-section elementor-element elementor-element-485dc574 elementor-section-stretched elementor-section-boxed elementor-section-height-default elementor-section-height-default\" data-id=\"485dc574\" data-element_type=\"section\" data-settings=\"{&quot;stretch_section&quot;:&quot;section-stretched&quot;,&quot;background_background&quot;:&quot;classic&quot;}\">\n\t\t\t\t\t\t<div class=\"elementor-container elementor-column-gap-default\">\n\t\t\t\t\t<div class=\"elementor-column elementor-col-25 elementor-top-column elementor-element elementor-element-75c723f6\" data-id=\"75c723f6\" data-element_type=\"column\">\n\t\t\t<div class=\"elementor-widget-wrap elementor-element-populated\">\n\t\t\t\t\t\t<div class=\"elementor-element elementor-element-5f6619bd elementor-widget elementor-widget-text-editor\" data-id=\"5f6619bd\" data-element_type=\"widget\" data-widget_type=\"text-editor.default\">\n\t\t\t\t<div class=\"elementor-widget-container\">\n\t\t\t\t\t\t\t\t\t<p style=\"text-align: center;\"><a href=\"https:\/\/www.facebook.com\/casadacritica\" target=\"_blank\" rel=\"noopener\"> \u00a0<\/a><a href=\"https:\/\/www.facebook.com\/casadacritica\" target=\"_blank\" rel=\"noopener\"><img loading=\"lazy\" decoding=\"async\" class=\"alignnone wp-image-16553\" src=\"https:\/\/casadacritica.com.br\/site\/wp-content\/uploads\/2020\/11\/Design-sem-nome-4-150x150.png\" alt=\"\" width=\"80\" height=\"80\" srcset=\"https:\/\/casadacritica.com.br\/site\/wp-content\/uploads\/2020\/11\/Design-sem-nome-4-150x150.png 150w, https:\/\/casadacritica.com.br\/site\/wp-content\/uploads\/2020\/11\/Design-sem-nome-4-300x300.png 300w, https:\/\/casadacritica.com.br\/site\/wp-content\/uploads\/2020\/11\/Design-sem-nome-4-1024x1024.png 1024w, https:\/\/casadacritica.com.br\/site\/wp-content\/uploads\/2020\/11\/Design-sem-nome-4-768x768.png 768w, https:\/\/casadacritica.com.br\/site\/wp-content\/uploads\/2020\/11\/Design-sem-nome-4.png 1080w\" sizes=\"(max-width: 80px) 100vw, 80px\" \/><\/a>\u00a0<\/p>\t\t\t\t\t\t\t\t<\/div>\n\t\t\t\t<\/div>\n\t\t\t\t\t<\/div>\n\t\t<\/div>\n\t\t\t\t<div class=\"elementor-column elementor-col-25 elementor-top-column elementor-element elementor-element-143c2e03\" data-id=\"143c2e03\" data-element_type=\"column\">\n\t\t\t<div class=\"elementor-widget-wrap elementor-element-populated\">\n\t\t\t\t\t\t<div class=\"elementor-element elementor-element-2d0bc1e elementor-widget elementor-widget-text-editor\" data-id=\"2d0bc1e\" data-element_type=\"widget\" data-widget_type=\"text-editor.default\">\n\t\t\t\t<div class=\"elementor-widget-container\">\n\t\t\t\t\t\t\t\t\t<p style=\"text-align: center;\"><a href=\"https:\/\/www.facebook.com\/casadacritica\" target=\"_blank\" rel=\"noopener\"> \u00a0<\/a><a href=\"https:\/\/www.instagram.com\/casadacritica\/?hl=pt-br\" target=\"_blank\" rel=\"noopener\"><img loading=\"lazy\" decoding=\"async\" class=\"alignnone wp-image-16554\" src=\"https:\/\/casadacritica.com.br\/site\/wp-content\/uploads\/2020\/11\/Design-sem-nome-5-300x300.png\" alt=\"\" width=\"80\" height=\"80\" srcset=\"https:\/\/casadacritica.com.br\/site\/wp-content\/uploads\/2020\/11\/Design-sem-nome-5-300x300.png 300w, https:\/\/casadacritica.com.br\/site\/wp-content\/uploads\/2020\/11\/Design-sem-nome-5-1024x1024.png 1024w, https:\/\/casadacritica.com.br\/site\/wp-content\/uploads\/2020\/11\/Design-sem-nome-5-150x150.png 150w, https:\/\/casadacritica.com.br\/site\/wp-content\/uploads\/2020\/11\/Design-sem-nome-5-768x768.png 768w, https:\/\/casadacritica.com.br\/site\/wp-content\/uploads\/2020\/11\/Design-sem-nome-5.png 1080w\" sizes=\"(max-width: 80px) 100vw, 80px\" \/><\/a>\u00a0<\/p>\t\t\t\t\t\t\t\t<\/div>\n\t\t\t\t<\/div>\n\t\t\t\t\t<\/div>\n\t\t<\/div>\n\t\t\t\t<div class=\"elementor-column elementor-col-25 elementor-top-column elementor-element elementor-element-3ce45c4f\" data-id=\"3ce45c4f\" data-element_type=\"column\">\n\t\t\t<div class=\"elementor-widget-wrap elementor-element-populated\">\n\t\t\t\t\t\t<div class=\"elementor-element elementor-element-29264732 elementor-widget elementor-widget-text-editor\" data-id=\"29264732\" data-element_type=\"widget\" data-widget_type=\"text-editor.default\">\n\t\t\t\t<div class=\"elementor-widget-container\">\n\t\t\t\t\t\t\t\t\t<p style=\"text-align: center;\"><a href=\"https:\/\/www.facebook.com\/casadacritica\" target=\"_blank\" rel=\"noopener\"> \u00a0<\/a>\u00a0<a href=\"https:\/\/www.youtube.com\/channel\/UC6XmghrbiBJKkgFVAYZbImQ\" target=\"_blank\" rel=\"noopener\"><img loading=\"lazy\" decoding=\"async\" class=\"alignnone wp-image-16556\" src=\"https:\/\/casadacritica.com.br\/site\/wp-content\/uploads\/2020\/11\/Design-sem-nome-7-300x300.png\" alt=\"\" width=\"80\" height=\"80\" srcset=\"https:\/\/casadacritica.com.br\/site\/wp-content\/uploads\/2020\/11\/Design-sem-nome-7-300x300.png 300w, https:\/\/casadacritica.com.br\/site\/wp-content\/uploads\/2020\/11\/Design-sem-nome-7-1024x1024.png 1024w, https:\/\/casadacritica.com.br\/site\/wp-content\/uploads\/2020\/11\/Design-sem-nome-7-150x150.png 150w, https:\/\/casadacritica.com.br\/site\/wp-content\/uploads\/2020\/11\/Design-sem-nome-7-768x768.png 768w, https:\/\/casadacritica.com.br\/site\/wp-content\/uploads\/2020\/11\/Design-sem-nome-7.png 1080w\" sizes=\"(max-width: 80px) 100vw, 80px\" \/><\/a><\/p>\t\t\t\t\t\t\t\t<\/div>\n\t\t\t\t<\/div>\n\t\t\t\t\t<\/div>\n\t\t<\/div>\n\t\t\t\t<div class=\"elementor-column elementor-col-25 elementor-top-column elementor-element elementor-element-63cdbb18\" data-id=\"63cdbb18\" data-element_type=\"column\">\n\t\t\t<div class=\"elementor-widget-wrap elementor-element-populated\">\n\t\t\t\t\t\t<div class=\"elementor-element elementor-element-aab490f elementor-widget elementor-widget-heading\" data-id=\"aab490f\" data-element_type=\"widget\" data-widget_type=\"heading.default\">\n\t\t\t\t<div class=\"elementor-widget-container\">\n\t\t\t\t\t<h1 class=\"elementor-heading-title elementor-size-medium\"><a href=\"https:\/\/casadacritica.com.br\/site\/fale-conosco\/\">Para falar conosco, use o bot\u00e3o do Whatsapp no canto inferior direito da p\u00e1gina ou clique AQUI.<\/a><\/h1>\t\t\t\t<\/div>\n\t\t\t\t<\/div>\n\t\t\t\t\t<\/div>\n\t\t<\/div>\n\t\t\t\t\t<\/div>\n\t\t<\/section>\n\t\t\t\t<\/div>\n\t\t","protected":false},"excerpt":{"rendered":"<p>TODOS OS CURSOS COMUNICA\u00c7\u00c3O EMP\u00c1TICA CADASTRE-SE AQUI NA\u00a0 NOSSA LISTA DE DISTRIBUI\u00c7\u00c3O \u00a0\u00a0 \u00a0\u00a0 \u00a0\u00a0 Para falar conosco, use o bot\u00e3o do Whatsapp no canto inferior direito da p\u00e1gina ou clique AQUI.<\/p>\n","protected":false},"author":1,"featured_media":0,"parent":0,"menu_order":0,"comment_status":"open","ping_status":"closed","template":"","meta":{"footnotes":""},"class_list":["post-149","page","type-page","status-publish","hentry"],"_links":{"self":[{"href":"https:\/\/casadacritica.com.br\/site\/wp-json\/wp\/v2\/pages\/149","targetHints":{"allow":["GET"]}}],"collection":[{"href":"https:\/\/casadacritica.com.br\/site\/wp-json\/wp\/v2\/pages"}],"about":[{"href":"https:\/\/casadacritica.com.br\/site\/wp-json\/wp\/v2\/types\/page"}],"author":[{"embeddable":true,"href":"https:\/\/casadacritica.com.br\/site\/wp-json\/wp\/v2\/users\/1"}],"replies":[{"embeddable":true,"href":"https:\/\/casadacritica.com.br\/site\/wp-json\/wp\/v2\/comments?post=149"}],"version-history":[{"count":663,"href":"https:\/\/casadacritica.com.br\/site\/wp-json\/wp\/v2\/pages\/149\/revisions"}],"predecessor-version":[{"id":23528,"href":"https:\/\/casadacritica.com.br\/site\/wp-json\/wp\/v2\/pages\/149\/revisions\/23528"}],"wp:attachment":[{"href":"https:\/\/casadacritica.com.br\/site\/wp-json\/wp\/v2\/media?parent=149"}],"curies":[{"name":"wp","href":"https:\/\/api.w.org\/{rel}","templated":true}]}}